{"id":9,"date":"2013-06-13T11:23:58","date_gmt":"2013-06-13T09:23:58","guid":{"rendered":"http:\/\/dubaiconnect.hu\/?page_id=9"},"modified":"2020-03-30T18:03:36","modified_gmt":"2020-03-30T16:03:36","slug":"hirlevel","status":"publish","type":"page","link":"https:\/\/drnovaknora.com\/hu\/hirlevel","title":{"rendered":"K\u00f6nyv"},"content":{"rendered":"<p>A k\u00f6nyv egy visszaeml\u00e9kez\u00e9s, 12 igaz t\u00f6rt\u00e9net az Emir\u00e1tusokr\u00f3l.<\/p>\n<p>Ha szeretn\u00e9d elolvasni, \u00edrj nekem egy emailt \u00e9s elk\u00fcld\u00f6m neked.<\/p>\n<p>&#x6e;&#x6e;&#x6f;&#118;&#97;k&#64;&#x64;&#x75;&#x62;&#x61;&#105;&#99;on&#x6e;&#x65;&#x63;&#116;&#46;&#104;u<\/p>\n<p><img loading=\"lazy\" decoding=\"async\" class=\"alignnone size-medium wp-image-1039 colorbox-9\" src=\"https:\/\/drnovaknora.com\/wp-content\/uploads\/2020\/03\/kkk-400x600.png\" alt=\"\" width=\"400\" height=\"600\" srcset=\"https:\/\/drnovaknora.com\/wp-content\/uploads\/2020\/03\/kkk-400x600.png 400w, https:\/\/drnovaknora.com\/wp-content\/uploads\/2020\/03\/kkk.png 735w\" sizes=\"auto, (max-width: 400px) 100vw, 400px\" \/><\/p>\n","protected":false},"excerpt":{"rendered":"<p>A k\u00f6nyv egy visszaeml\u00e9kez\u00e9s, 12 igaz t\u00f6rt\u00e9net az Emir\u00e1tusokr\u00f3l. Ha szeretn\u00e9d elolvasni, \u00edrj nekem egy emailt \u00e9s elk\u00fcld\u00f6m neked. &#x6e;&#110;o&#x76;&#97;k&#x40;&#100;u&#x62;&#x61;&#105;&#x63;&#x6f;&#110;n&#x65;&#99;t&#x2e;&#104;u<\/p>\n","protected":false},"author":1,"featured_media":0,"parent":0,"menu_order":26,"comment_status":"closed","ping_status":"closed","template":"","meta":{"footnotes":""},"class_list":["post-9","page","type-page","status-publish","hentry"],"yoast_head":"<!-- This site is optimized with the Yoast SEO plugin v27.3 - https:\/\/yoast.com\/product\/yoast-seo-wordpress\/ -->\n<title>K\u00f6nyv - Dr. Nov\u00e1k N\u00f3ra - \u00fcgyv\u00e9d<\/title>\n<meta name=\"robots\" content=\"index, follow, max-snippet:-1, max-image-preview:large, max-video-preview:-1\" \/>\n<link rel=\"canonical\" href=\"https:\/\/drnovaknora.com\/hu\/hirlevel\/\" \/>\n<meta property=\"og:locale\" content=\"hu_HU\" \/>\n<meta property=\"og:type\" content=\"article\" \/>\n<meta property=\"og:title\" content=\"K\u00f6nyv - Dr. Nov\u00e1k N\u00f3ra - \u00fcgyv\u00e9d\" \/>\n<meta property=\"og:description\" content=\"A k\u00f6nyv egy visszaeml\u00e9kez\u00e9s, 12 igaz t\u00f6rt\u00e9net az Emir\u00e1tusokr\u00f3l. Ha szeretn\u00e9d elolvasni, \u00edrj nekem egy emailt \u00e9s elk\u00fcld\u00f6m neked. &#x6e;&#x6e;&#111;va&#x6b;&#x40;&#100;&#117;b&#x61;&#x69;&#099;&#111;n&#x6e;&#x65;&#x63;&#116;&#046;h&#x75;\" \/>\n<meta property=\"og:url\" content=\"https:\/\/drnovaknora.com\/hu\/hirlevel\/\" \/>\n<meta property=\"og:site_name\" content=\"Dr. Nov\u00e1k N\u00f3ra - \u00fcgyv\u00e9d\" \/>\n<meta property=\"article:publisher\" content=\"https:\/\/www.facebook.com\/126366824238449?ref=embed_page\" \/>\n<meta property=\"article:modified_time\" content=\"2020-03-30T16:03:36+00:00\" \/>\n<meta property=\"og:image\" content=\"https:\/\/drnovaknora.com\/wp-content\/uploads\/2020\/03\/kkk-400x600.png\" \/>\n<meta name=\"twitter:card\" content=\"summary_large_image\" \/>\n<script type=\"application\/ld+json\" class=\"yoast-schema-graph\">{\"@context\":\"https:\\\/\\\/schema.org\",\"@graph\":[{\"@type\":\"WebPage\",\"@id\":\"https:\\\/\\\/drnovaknora.com\\\/hirlevel\",\"url\":\"https:\\\/\\\/drnovaknora.com\\\/hirlevel\",\"name\":\"K\u00f6nyv - Dr. Nov\u00e1k N\u00f3ra - \u00fcgyv\u00e9d\",\"isPartOf\":{\"@id\":\"https:\\\/\\\/drnovaknora.com\\\/#website\"},\"primaryImageOfPage\":{\"@id\":\"https:\\\/\\\/drnovaknora.com\\\/hirlevel#primaryimage\"},\"image\":{\"@id\":\"https:\\\/\\\/drnovaknora.com\\\/hirlevel#primaryimage\"},\"thumbnailUrl\":\"https:\\\/\\\/drnovaknora.com\\\/wp-content\\\/uploads\\\/2020\\\/03\\\/kkk-400x600.png\",\"datePublished\":\"2013-06-13T09:23:58+00:00\",\"dateModified\":\"2020-03-30T16:03:36+00:00\",\"breadcrumb\":{\"@id\":\"https:\\\/\\\/drnovaknora.com\\\/hirlevel#breadcrumb\"},\"inLanguage\":\"hu\",\"potentialAction\":[{\"@type\":\"ReadAction\",\"target\":[\"https:\\\/\\\/drnovaknora.com\\\/hirlevel\"]}]},{\"@type\":\"ImageObject\",\"inLanguage\":\"hu\",\"@id\":\"https:\\\/\\\/drnovaknora.com\\\/hirlevel#primaryimage\",\"url\":\"https:\\\/\\\/drnovaknora.com\\\/wp-content\\\/uploads\\\/2020\\\/03\\\/kkk-400x600.png\",\"contentUrl\":\"https:\\\/\\\/drnovaknora.com\\\/wp-content\\\/uploads\\\/2020\\\/03\\\/kkk-400x600.png\"},{\"@type\":\"BreadcrumbList\",\"@id\":\"https:\\\/\\\/drnovaknora.com\\\/hirlevel#breadcrumb\",\"itemListElement\":[{\"@type\":\"ListItem\",\"position\":1,\"name\":\"Kezd\u0151lap\",\"item\":\"https:\\\/\\\/drnovaknora.com\\\/\"},{\"@type\":\"ListItem\",\"position\":2,\"name\":\"K\u00f6nyv\"}]},{\"@type\":\"WebSite\",\"@id\":\"https:\\\/\\\/drnovaknora.com\\\/#website\",\"url\":\"https:\\\/\\\/drnovaknora.com\\\/\",\"name\":\"dr. Nov\u00e1k N\u00f3ra \u00fcgyv\u00e9d, emir\u00e1tusi tan\u00e1csad\u00f3\",\"description\":\"\",\"publisher\":{\"@id\":\"https:\\\/\\\/drnovaknora.com\\\/#organization\"},\"potentialAction\":[{\"@type\":\"SearchAction\",\"target\":{\"@type\":\"EntryPoint\",\"urlTemplate\":\"https:\\\/\\\/drnovaknora.com\\\/?s={search_term_string}\"},\"query-input\":{\"@type\":\"PropertyValueSpecification\",\"valueRequired\":true,\"valueName\":\"search_term_string\"}}],\"inLanguage\":\"hu\"},{\"@type\":\"Organization\",\"@id\":\"https:\\\/\\\/drnovaknora.com\\\/#organization\",\"name\":\"dr. Nov\u00e1k N\u00f3ra \u00fcgyv\u00e9d, emir\u00e1tusi tan\u00e1csad\u00f3\",\"url\":\"https:\\\/\\\/drnovaknora.com\\\/\",\"logo\":{\"@type\":\"ImageObject\",\"inLanguage\":\"hu\",\"@id\":\"https:\\\/\\\/drnovaknora.com\\\/#\\\/schema\\\/logo\\\/image\\\/\",\"url\":\"https:\\\/\\\/drnovaknora.com\\\/wp-content\\\/uploads\\\/2025\\\/03\\\/dr_Novak_Nora_ugyved.jpg\",\"contentUrl\":\"https:\\\/\\\/drnovaknora.com\\\/wp-content\\\/uploads\\\/2025\\\/03\\\/dr_Novak_Nora_ugyved.jpg\",\"width\":802,\"height\":1196,\"caption\":\"dr. Nov\u00e1k N\u00f3ra \u00fcgyv\u00e9d, emir\u00e1tusi tan\u00e1csad\u00f3\"},\"image\":{\"@id\":\"https:\\\/\\\/drnovaknora.com\\\/#\\\/schema\\\/logo\\\/image\\\/\"},\"sameAs\":[\"https:\\\/\\\/www.facebook.com\\\/126366824238449?ref=embed_page\"]}]}<\/script>\n<!-- \/ Yoast SEO plugin. -->","yoast_head_json":{"title":"K\u00f6nyv - Dr. Nov\u00e1k N\u00f3ra - \u00fcgyv\u00e9d","robots":{"index":"index","follow":"follow","max-snippet":"max-snippet:-1","max-image-preview":"max-image-preview:large","max-video-preview":"max-video-preview:-1"},"canonical":"https:\/\/drnovaknora.com\/hu\/hirlevel\/","og_locale":"hu_HU","og_type":"article","og_title":"K\u00f6nyv - Dr. Nov\u00e1k N\u00f3ra - \u00fcgyv\u00e9d","og_description":"A k\u00f6nyv egy visszaeml\u00e9kez\u00e9s, 12 igaz t\u00f6rt\u00e9net az Emir\u00e1tusokr\u00f3l. Ha szeretn\u00e9d elolvasni, \u00edrj nekem egy emailt \u00e9s elk\u00fcld\u00f6m neked. &#x6e;&#x6e;&#111;va&#x6b;&#x40;&#100;&#117;b&#x61;&#x69;&#99;&#111;n&#x6e;&#x65;&#x63;&#116;&#46;h&#x75;","og_url":"https:\/\/drnovaknora.com\/hu\/hirlevel\/","og_site_name":"Dr. Nov\u00e1k N\u00f3ra - \u00fcgyv\u00e9d","article_publisher":"https:\/\/www.facebook.com\/126366824238449?ref=embed_page","article_modified_time":"2020-03-30T16:03:36+00:00","og_image":[{"url":"https:\/\/drnovaknora.com\/wp-content\/uploads\/2020\/03\/kkk-400x600.png","type":"","width":"","height":""}],"twitter_card":"summary_large_image","schema":{"@context":"https:\/\/schema.org","@graph":[{"@type":"WebPage","@id":"https:\/\/drnovaknora.com\/hirlevel","url":"https:\/\/drnovaknora.com\/hirlevel","name":"K\u00f6nyv - Dr. Nov\u00e1k N\u00f3ra - \u00fcgyv\u00e9d","isPartOf":{"@id":"https:\/\/drnovaknora.com\/#website"},"primaryImageOfPage":{"@id":"https:\/\/drnovaknora.com\/hirlevel#primaryimage"},"image":{"@id":"https:\/\/drnovaknora.com\/hirlevel#primaryimage"},"thumbnailUrl":"https:\/\/drnovaknora.com\/wp-content\/uploads\/2020\/03\/kkk-400x600.png","datePublished":"2013-06-13T09:23:58+00:00","dateModified":"2020-03-30T16:03:36+00:00","breadcrumb":{"@id":"https:\/\/drnovaknora.com\/hirlevel#breadcrumb"},"inLanguage":"hu","potentialAction":[{"@type":"ReadAction","target":["https:\/\/drnovaknora.com\/hirlevel"]}]},{"@type":"ImageObject","inLanguage":"hu","@id":"https:\/\/drnovaknora.com\/hirlevel#primaryimage","url":"https:\/\/drnovaknora.com\/wp-content\/uploads\/2020\/03\/kkk-400x600.png","contentUrl":"https:\/\/drnovaknora.com\/wp-content\/uploads\/2020\/03\/kkk-400x600.png"},{"@type":"BreadcrumbList","@id":"https:\/\/drnovaknora.com\/hirlevel#breadcrumb","itemListElement":[{"@type":"ListItem","position":1,"name":"Kezd\u0151lap","item":"https:\/\/drnovaknora.com\/"},{"@type":"ListItem","position":2,"name":"K\u00f6nyv"}]},{"@type":"WebSite","@id":"https:\/\/drnovaknora.com\/#website","url":"https:\/\/drnovaknora.com\/","name":"dr. Nov\u00e1k N\u00f3ra \u00fcgyv\u00e9d, emir\u00e1tusi tan\u00e1csad\u00f3","description":"","publisher":{"@id":"https:\/\/drnovaknora.com\/#organization"},"potentialAction":[{"@type":"SearchAction","target":{"@type":"EntryPoint","urlTemplate":"https:\/\/drnovaknora.com\/?s={search_term_string}"},"query-input":{"@type":"PropertyValueSpecification","valueRequired":true,"valueName":"search_term_string"}}],"inLanguage":"hu"},{"@type":"Organization","@id":"https:\/\/drnovaknora.com\/#organization","name":"dr. Nov\u00e1k N\u00f3ra \u00fcgyv\u00e9d, emir\u00e1tusi tan\u00e1csad\u00f3","url":"https:\/\/drnovaknora.com\/","logo":{"@type":"ImageObject","inLanguage":"hu","@id":"https:\/\/drnovaknora.com\/#\/schema\/logo\/image\/","url":"https:\/\/drnovaknora.com\/wp-content\/uploads\/2025\/03\/dr_Novak_Nora_ugyved.jpg","contentUrl":"https:\/\/drnovaknora.com\/wp-content\/uploads\/2025\/03\/dr_Novak_Nora_ugyved.jpg","width":802,"height":1196,"caption":"dr. Nov\u00e1k N\u00f3ra \u00fcgyv\u00e9d, emir\u00e1tusi tan\u00e1csad\u00f3"},"image":{"@id":"https:\/\/drnovaknora.com\/#\/schema\/logo\/image\/"},"sameAs":["https:\/\/www.facebook.com\/126366824238449?ref=embed_page"]}]}},"_links":{"self":[{"href":"https:\/\/drnovaknora.com\/hu\/wp-json\/wp\/v2\/pages\/9","targetHints":{"allow":["GET"]}}],"collection":[{"href":"https:\/\/drnovaknora.com\/hu\/wp-json\/wp\/v2\/pages"}],"about":[{"href":"https:\/\/drnovaknora.com\/hu\/wp-json\/wp\/v2\/types\/page"}],"author":[{"embeddable":true,"href":"https:\/\/drnovaknora.com\/hu\/wp-json\/wp\/v2\/users\/1"}],"replies":[{"embeddable":true,"href":"https:\/\/drnovaknora.com\/hu\/wp-json\/wp\/v2\/comments?post=9"}],"version-history":[{"count":5,"href":"https:\/\/drnovaknora.com\/hu\/wp-json\/wp\/v2\/pages\/9\/revisions"}],"predecessor-version":[{"id":1042,"href":"https:\/\/drnovaknora.com\/hu\/wp-json\/wp\/v2\/pages\/9\/revisions\/1042"}],"wp:attachment":[{"href":"https:\/\/drnovaknora.com\/hu\/wp-json\/wp\/v2\/media?parent=9"}],"curies":[{"name":"wp","href":"https:\/\/api.w.org\/{rel}","templated":true}]}}