{"id":1085,"date":"2021-06-16T22:41:03","date_gmt":"2021-06-16T20:41:03","guid":{"rendered":"https:\/\/drnovaknora.com\/?page_id=1085"},"modified":"2023-10-05T10:12:38","modified_gmt":"2023-10-05T08:12:38","slug":"munkajog","status":"publish","type":"page","link":"https:\/\/drnovaknora.com\/hu\/munkajog","title":{"rendered":"Munkajog"},"content":{"rendered":"<ul>\n<li>Munkajogi tan\u00e1csad\u00e1s mind munk\u00e1ltat\u00f3k, mind munkav\u00e1llal\u00f3k sz\u00e1m\u00e1ra,<\/li>\n<li>Peres \u00e9s peren k\u00edv\u00fcli k\u00e9pviselet munkaviszony jogellenes megsz\u00fcntet\u00e9se, munkaviszonyhoz kapcsol\u00f3d\u00f3 k\u00e1rokoz\u00e1sb\u00f3l ered\u0151 \u00e9s egy\u00e9b munka\u00fcgyi jogvit\u00e1kban,<\/li>\n<li>Munkaszerz\u0151d\u00e9sek, t\u00e1j\u00e9koztat\u00f3k, munka\u00fcgyi szab\u00e1lyzatok k\u00e9sz\u00edt\u00e9se,<\/li>\n<li>HR-jogi tan\u00e1csad\u00e1s,<\/li>\n<li>Munkaer\u0151-kiszervez\u00e9s, munkaer\u0151-k\u00f6lcs\u00f6nz\u00e9s,<\/li>\n<li>K\u00fclf\u00f6ldi munkaer\u0151 alkalmaz\u00e1s\u00e1val kapcsolatos jogi k\u00e9rd\u00e9sek<\/li>\n<\/ul>\n","protected":false},"excerpt":{"rendered":"<p>Munkajogi tan\u00e1csad\u00e1s mind munk\u00e1ltat\u00f3k, mind munkav\u00e1llal\u00f3k sz\u00e1m\u00e1ra, Peres \u00e9s peren k\u00edv\u00fcli k\u00e9pviselet munkaviszony jogellenes megsz\u00fcntet\u00e9se, munkaviszonyhoz kapcsol\u00f3d\u00f3 k\u00e1rokoz\u00e1sb\u00f3l ered\u0151 \u00e9s egy\u00e9b munka\u00fcgyi jogvit\u00e1kban, Munkaszerz\u0151d\u00e9sek, t\u00e1j\u00e9koztat\u00f3k, munka\u00fcgyi szab\u00e1lyzatok k\u00e9sz\u00edt\u00e9se, HR-jogi tan\u00e1csad\u00e1s, Munkaer\u0151-kiszervez\u00e9s, munkaer\u0151-k\u00f6lcs\u00f6nz\u00e9s, K\u00fclf\u00f6ldi munkaer\u0151 alkalmaz\u00e1s\u00e1val kapcsolatos jogi k\u00e9rd\u00e9sek<\/p>\n","protected":false},"author":1,"featured_media":0,"parent":0,"menu_order":0,"comment_status":"closed","ping_status":"closed","template":"","meta":{"footnotes":""},"class_list":["post-1085","page","type-page","status-publish","hentry"],"yoast_head":"<!-- This site is optimized with the Yoast SEO plugin v27.3 - https:\/\/yoast.com\/product\/yoast-seo-wordpress\/ -->\n<title>Munkajog - Dr. Nov\u00e1k N\u00f3ra - \u00fcgyv\u00e9d<\/title>\n<meta name=\"robots\" content=\"index, follow, max-snippet:-1, max-image-preview:large, max-video-preview:-1\" \/>\n<link rel=\"canonical\" href=\"https:\/\/drnovaknora.com\/hu\/munkajog\/\" \/>\n<meta property=\"og:locale\" content=\"hu_HU\" \/>\n<meta property=\"og:type\" content=\"article\" \/>\n<meta property=\"og:title\" content=\"Munkajog - Dr. Nov\u00e1k N\u00f3ra - \u00fcgyv\u00e9d\" \/>\n<meta property=\"og:description\" content=\"Munkajogi tan\u00e1csad\u00e1s mind munk\u00e1ltat\u00f3k, mind munkav\u00e1llal\u00f3k sz\u00e1m\u00e1ra, Peres \u00e9s peren k\u00edv\u00fcli k\u00e9pviselet munkaviszony jogellenes megsz\u00fcntet\u00e9se, munkaviszonyhoz kapcsol\u00f3d\u00f3 k\u00e1rokoz\u00e1sb\u00f3l ered\u0151 \u00e9s egy\u00e9b munka\u00fcgyi jogvit\u00e1kban, Munkaszerz\u0151d\u00e9sek, t\u00e1j\u00e9koztat\u00f3k, munka\u00fcgyi szab\u00e1lyzatok k\u00e9sz\u00edt\u00e9se, HR-jogi tan\u00e1csad\u00e1s, Munkaer\u0151-kiszervez\u00e9s, munkaer\u0151-k\u00f6lcs\u00f6nz\u00e9s, K\u00fclf\u00f6ldi munkaer\u0151 alkalmaz\u00e1s\u00e1val kapcsolatos jogi k\u00e9rd\u00e9sek\" \/>\n<meta property=\"og:url\" content=\"https:\/\/drnovaknora.com\/hu\/munkajog\/\" \/>\n<meta property=\"og:site_name\" content=\"Dr. Nov\u00e1k N\u00f3ra - \u00fcgyv\u00e9d\" \/>\n<meta property=\"article:publisher\" content=\"https:\/\/www.facebook.com\/126366824238449?ref=embed_page\" \/>\n<meta property=\"article:modified_time\" content=\"2023-10-05T08:12:38+00:00\" \/>\n<meta property=\"og:image\" content=\"https:\/\/drnovaknora.com\/wp-content\/uploads\/2025\/03\/dr_Novak_Nora_ugyved.jpg\" \/>\n\t<meta property=\"og:image:width\" content=\"802\" \/>\n\t<meta property=\"og:image:height\" content=\"1196\" \/>\n\t<meta property=\"og:image:type\" content=\"image\/jpeg\" \/>\n<meta name=\"twitter:card\" content=\"summary_large_image\" \/>\n<meta name=\"twitter:label1\" content=\"Becs\u00fclt olvas\u00e1si id\u0151\" \/>\n\t<meta name=\"twitter:data1\" content=\"1 perc\" \/>\n<script type=\"application\/ld+json\" class=\"yoast-schema-graph\">{\"@context\":\"https:\\\/\\\/schema.org\",\"@graph\":[{\"@type\":\"WebPage\",\"@id\":\"https:\\\/\\\/drnovaknora.com\\\/munkajog\",\"url\":\"https:\\\/\\\/drnovaknora.com\\\/munkajog\",\"name\":\"Munkajog - Dr. Nov\u00e1k N\u00f3ra - \u00fcgyv\u00e9d\",\"isPartOf\":{\"@id\":\"https:\\\/\\\/drnovaknora.com\\\/#website\"},\"datePublished\":\"2021-06-16T20:41:03+00:00\",\"dateModified\":\"2023-10-05T08:12:38+00:00\",\"breadcrumb\":{\"@id\":\"https:\\\/\\\/drnovaknora.com\\\/munkajog#breadcrumb\"},\"inLanguage\":\"hu\",\"potentialAction\":[{\"@type\":\"ReadAction\",\"target\":[\"https:\\\/\\\/drnovaknora.com\\\/munkajog\"]}]},{\"@type\":\"BreadcrumbList\",\"@id\":\"https:\\\/\\\/drnovaknora.com\\\/munkajog#breadcrumb\",\"itemListElement\":[{\"@type\":\"ListItem\",\"position\":1,\"name\":\"Kezd\u0151lap\",\"item\":\"https:\\\/\\\/drnovaknora.com\\\/\"},{\"@type\":\"ListItem\",\"position\":2,\"name\":\"Munkajog\"}]},{\"@type\":\"WebSite\",\"@id\":\"https:\\\/\\\/drnovaknora.com\\\/#website\",\"url\":\"https:\\\/\\\/drnovaknora.com\\\/\",\"name\":\"dr. Nov\u00e1k N\u00f3ra \u00fcgyv\u00e9d, emir\u00e1tusi tan\u00e1csad\u00f3\",\"description\":\"\",\"publisher\":{\"@id\":\"https:\\\/\\\/drnovaknora.com\\\/#organization\"},\"potentialAction\":[{\"@type\":\"SearchAction\",\"target\":{\"@type\":\"EntryPoint\",\"urlTemplate\":\"https:\\\/\\\/drnovaknora.com\\\/?s={search_term_string}\"},\"query-input\":{\"@type\":\"PropertyValueSpecification\",\"valueRequired\":true,\"valueName\":\"search_term_string\"}}],\"inLanguage\":\"hu\"},{\"@type\":\"Organization\",\"@id\":\"https:\\\/\\\/drnovaknora.com\\\/#organization\",\"name\":\"dr. Nov\u00e1k N\u00f3ra \u00fcgyv\u00e9d, emir\u00e1tusi tan\u00e1csad\u00f3\",\"url\":\"https:\\\/\\\/drnovaknora.com\\\/\",\"logo\":{\"@type\":\"ImageObject\",\"inLanguage\":\"hu\",\"@id\":\"https:\\\/\\\/drnovaknora.com\\\/#\\\/schema\\\/logo\\\/image\\\/\",\"url\":\"https:\\\/\\\/drnovaknora.com\\\/wp-content\\\/uploads\\\/2025\\\/03\\\/dr_Novak_Nora_ugyved.jpg\",\"contentUrl\":\"https:\\\/\\\/drnovaknora.com\\\/wp-content\\\/uploads\\\/2025\\\/03\\\/dr_Novak_Nora_ugyved.jpg\",\"width\":802,\"height\":1196,\"caption\":\"dr. Nov\u00e1k N\u00f3ra \u00fcgyv\u00e9d, emir\u00e1tusi tan\u00e1csad\u00f3\"},\"image\":{\"@id\":\"https:\\\/\\\/drnovaknora.com\\\/#\\\/schema\\\/logo\\\/image\\\/\"},\"sameAs\":[\"https:\\\/\\\/www.facebook.com\\\/126366824238449?ref=embed_page\"]}]}<\/script>\n<!-- \/ Yoast SEO plugin. -->","yoast_head_json":{"title":"Munkajog - Dr. Nov\u00e1k N\u00f3ra - \u00fcgyv\u00e9d","robots":{"index":"index","follow":"follow","max-snippet":"max-snippet:-1","max-image-preview":"max-image-preview:large","max-video-preview":"max-video-preview:-1"},"canonical":"https:\/\/drnovaknora.com\/hu\/munkajog\/","og_locale":"hu_HU","og_type":"article","og_title":"Munkajog - Dr. Nov\u00e1k N\u00f3ra - \u00fcgyv\u00e9d","og_description":"Munkajogi tan\u00e1csad\u00e1s mind munk\u00e1ltat\u00f3k, mind munkav\u00e1llal\u00f3k sz\u00e1m\u00e1ra, Peres \u00e9s peren k\u00edv\u00fcli k\u00e9pviselet munkaviszony jogellenes megsz\u00fcntet\u00e9se, munkaviszonyhoz kapcsol\u00f3d\u00f3 k\u00e1rokoz\u00e1sb\u00f3l ered\u0151 \u00e9s egy\u00e9b munka\u00fcgyi jogvit\u00e1kban, Munkaszerz\u0151d\u00e9sek, t\u00e1j\u00e9koztat\u00f3k, munka\u00fcgyi szab\u00e1lyzatok k\u00e9sz\u00edt\u00e9se, HR-jogi tan\u00e1csad\u00e1s, Munkaer\u0151-kiszervez\u00e9s, munkaer\u0151-k\u00f6lcs\u00f6nz\u00e9s, K\u00fclf\u00f6ldi munkaer\u0151 alkalmaz\u00e1s\u00e1val kapcsolatos jogi k\u00e9rd\u00e9sek","og_url":"https:\/\/drnovaknora.com\/hu\/munkajog\/","og_site_name":"Dr. Nov\u00e1k N\u00f3ra - \u00fcgyv\u00e9d","article_publisher":"https:\/\/www.facebook.com\/126366824238449?ref=embed_page","article_modified_time":"2023-10-05T08:12:38+00:00","og_image":[{"width":802,"height":1196,"url":"https:\/\/drnovaknora.com\/wp-content\/uploads\/2025\/03\/dr_Novak_Nora_ugyved.jpg","type":"image\/jpeg"}],"twitter_card":"summary_large_image","twitter_misc":{"Becs\u00fclt olvas\u00e1si id\u0151":"1 perc"},"schema":{"@context":"https:\/\/schema.org","@graph":[{"@type":"WebPage","@id":"https:\/\/drnovaknora.com\/munkajog","url":"https:\/\/drnovaknora.com\/munkajog","name":"Munkajog - Dr. Nov\u00e1k N\u00f3ra - \u00fcgyv\u00e9d","isPartOf":{"@id":"https:\/\/drnovaknora.com\/#website"},"datePublished":"2021-06-16T20:41:03+00:00","dateModified":"2023-10-05T08:12:38+00:00","breadcrumb":{"@id":"https:\/\/drnovaknora.com\/munkajog#breadcrumb"},"inLanguage":"hu","potentialAction":[{"@type":"ReadAction","target":["https:\/\/drnovaknora.com\/munkajog"]}]},{"@type":"BreadcrumbList","@id":"https:\/\/drnovaknora.com\/munkajog#breadcrumb","itemListElement":[{"@type":"ListItem","position":1,"name":"Kezd\u0151lap","item":"https:\/\/drnovaknora.com\/"},{"@type":"ListItem","position":2,"name":"Munkajog"}]},{"@type":"WebSite","@id":"https:\/\/drnovaknora.com\/#website","url":"https:\/\/drnovaknora.com\/","name":"dr. Nov\u00e1k N\u00f3ra \u00fcgyv\u00e9d, emir\u00e1tusi tan\u00e1csad\u00f3","description":"","publisher":{"@id":"https:\/\/drnovaknora.com\/#organization"},"potentialAction":[{"@type":"SearchAction","target":{"@type":"EntryPoint","urlTemplate":"https:\/\/drnovaknora.com\/?s={search_term_string}"},"query-input":{"@type":"PropertyValueSpecification","valueRequired":true,"valueName":"search_term_string"}}],"inLanguage":"hu"},{"@type":"Organization","@id":"https:\/\/drnovaknora.com\/#organization","name":"dr. Nov\u00e1k N\u00f3ra \u00fcgyv\u00e9d, emir\u00e1tusi tan\u00e1csad\u00f3","url":"https:\/\/drnovaknora.com\/","logo":{"@type":"ImageObject","inLanguage":"hu","@id":"https:\/\/drnovaknora.com\/#\/schema\/logo\/image\/","url":"https:\/\/drnovaknora.com\/wp-content\/uploads\/2025\/03\/dr_Novak_Nora_ugyved.jpg","contentUrl":"https:\/\/drnovaknora.com\/wp-content\/uploads\/2025\/03\/dr_Novak_Nora_ugyved.jpg","width":802,"height":1196,"caption":"dr. Nov\u00e1k N\u00f3ra \u00fcgyv\u00e9d, emir\u00e1tusi tan\u00e1csad\u00f3"},"image":{"@id":"https:\/\/drnovaknora.com\/#\/schema\/logo\/image\/"},"sameAs":["https:\/\/www.facebook.com\/126366824238449?ref=embed_page"]}]}},"_links":{"self":[{"href":"https:\/\/drnovaknora.com\/hu\/wp-json\/wp\/v2\/pages\/1085","targetHints":{"allow":["GET"]}}],"collection":[{"href":"https:\/\/drnovaknora.com\/hu\/wp-json\/wp\/v2\/pages"}],"about":[{"href":"https:\/\/drnovaknora.com\/hu\/wp-json\/wp\/v2\/types\/page"}],"author":[{"embeddable":true,"href":"https:\/\/drnovaknora.com\/hu\/wp-json\/wp\/v2\/users\/1"}],"replies":[{"embeddable":true,"href":"https:\/\/drnovaknora.com\/hu\/wp-json\/wp\/v2\/comments?post=1085"}],"version-history":[{"count":1,"href":"https:\/\/drnovaknora.com\/hu\/wp-json\/wp\/v2\/pages\/1085\/revisions"}],"predecessor-version":[{"id":1086,"href":"https:\/\/drnovaknora.com\/hu\/wp-json\/wp\/v2\/pages\/1085\/revisions\/1086"}],"wp:attachment":[{"href":"https:\/\/drnovaknora.com\/hu\/wp-json\/wp\/v2\/media?parent=1085"}],"curies":[{"name":"wp","href":"https:\/\/api.w.org\/{rel}","templated":true}]}}