{"id":5,"date":"2013-06-13T11:23:10","date_gmt":"2013-06-13T09:23:10","guid":{"rendered":"http:\/\/dubaiconnect.hu\/?page_id=5"},"modified":"2025-10-26T19:39:11","modified_gmt":"2025-10-26T18:39:11","slug":"dr-novak-nora-ugyved-emiratusi-tanacsado","status":"publish","type":"page","link":"https:\/\/drnovaknora.com\/en\/","title":{"rendered":"Home"},"content":{"rendered":"<p data-start=\"113\" data-end=\"615\"><strong data-start=\"113\" data-end=\"181\">\u00dcgyv\u00e9dk\u00e9nt sz\u00e1momra nemcsak a szakma sz\u00e1m\u00edt, hanem az \u00fcgyf\u00e9l is:<\/strong> a t\u00f6rt\u00e9nete, a k\u00e9rd\u00e9sei, az aggodalmai, az \u00e9lethelyzete. Tudom \u00e9s \u00e1t\u00e9rzem, hogy amikor valaki hozz\u00e1m fordul, sz\u00e1m\u00e1ra az adott \u00fcgy ott \u00e9s akkor a legfontosabb a vil\u00e1gon. \u00c9ppen ez\u00e9rt mindig meg\u0151rz\u00f6m a szigor\u00fa k\u00edv\u00fcl\u00e1ll\u00f3i n\u00e9z\u0151pontot, mik\u00f6zben a bizalom \u00e9s a transzparens kommunik\u00e1ci\u00f3 sz\u00e1momra alapvet\u0151 \u00e9rt\u00e9k. Fontosnak tartom, hogy \u00fcgyfeleimet minden esetben t\u00e1j\u00e9koztassam a lehet\u0151s\u00e9geikr\u0151l \u00e9s az \u00fcgyeik re\u00e1lisan v\u00e1rhat\u00f3 kimenetel\u00e9r\u0151l.<\/p>\n<p data-start=\"617\" data-end=\"843\">Els\u0151sorban <strong data-start=\"628\" data-end=\"653\">polg\u00e1ri jogi \u00fcgyekben<\/strong> v\u00e1llalok jogi tan\u00e1csad\u00e1st \u00e9s k\u00e9pviseletet \u2014 legyen sz\u00f3 peres vagy peren k\u00edv\u00fcli elj\u00e1r\u00e1sr\u00f3l, illetve <strong data-start=\"753\" data-end=\"806\">ad\u00e1sv\u00e9teli, b\u00e9rleti vagy kereskedelmi szerz\u0151d\u00e9sek<\/strong> szerkeszt\u00e9s\u00e9r\u0151l, v\u00e9lem\u00e9nyez\u00e9s\u00e9r\u0151l.<\/p>\n<p data-start=\"845\" data-end=\"918\">Szolg\u00e1ltat\u00e1saimr\u00f3l r\u00e9szletes t\u00e1j\u00e9koztat\u00e1st az al\u00e1bbi men\u00fcpontban tal\u00e1l.<\/p>\n<p data-start=\"920\" data-end=\"1333\">Tev\u00e9kenys\u00e9gem egyik <strong data-start=\"940\" data-end=\"962\">speci\u00e1lis ter\u00fclete<\/strong>, hogy <strong data-start=\"969\" data-end=\"1003\">magyar kis- \u00e9s k\u00f6z\u00e9pv\u00e1llalatok<\/strong> sz\u00e1m\u00e1ra ny\u00fajtok seg\u00edts\u00e9get az <strong data-start=\"1034\" data-end=\"1088\">Egyes\u00fclt Arab Em\u00edrs\u00e9gekben t\u00f6rt\u00e9n\u0151 terjeszked\u00e9shez<\/strong>, annak minden jogi \u00e9s \u00fczleti vonatkoz\u00e1s\u00e1val egy\u00fctt. Emellett <strong data-start=\"1150\" data-end=\"1171\">mag\u00e1nszem\u00e9lyeknek<\/strong> is seg\u00edtek <strong data-start=\"1183\" data-end=\"1213\">dubaji ingatlanv\u00e1s\u00e1rl\u00e1sban<\/strong> \u2014 az eligazod\u00e1st\u00f3l kezdve a teljes ad\u00e1sv\u00e9teli folyamat lebonyol\u00edt\u00e1s\u00e1ig, bele\u00e9rtve a szerz\u0151d\u00e9sek jogi ellen\u0151rz\u00e9s\u00e9t is.<\/p>\n<p data-start=\"1335\" data-end=\"1505\">Olyan <strong data-start=\"1341\" data-end=\"1368\">c\u00e9gek \u00e9s mag\u00e1nszem\u00e9lyek<\/strong> fordulnak hozz\u00e1m, akik \u00e9rt\u00e9ket k\u00e9pviselnek \u2013 \u00e9n pedig abban seg\u00edtem \u0151ket, hogy <strong data-start=\"1448\" data-end=\"1505\">sikeress\u00e9 v\u00e1ljanak a K\u00f6zel-Kelet \u00fczleti vil\u00e1g\u00e1ban is.<\/strong><\/p>\n<p>&nbsp;<\/p>\n<p><img loading=\"lazy\" decoding=\"async\" class=\"alignnone wp-image-1220 size-medium colorbox-5\" src=\"https:\/\/drnovaknora.com\/wp-content\/uploads\/2025\/03\/dr_Novak_Nora_ugyved-400x597.jpg\" alt=\"Dr. Nov\u00e1k N\u00f3ra \u00fcgyv\u00e9d - The Dubai Connect\" width=\"400\" height=\"597\" srcset=\"https:\/\/drnovaknora.com\/wp-content\/uploads\/2025\/03\/dr_Novak_Nora_ugyved-400x597.jpg 400w, https:\/\/drnovaknora.com\/wp-content\/uploads\/2025\/03\/dr_Novak_Nora_ugyved-750x1118.jpg 750w, https:\/\/drnovaknora.com\/wp-content\/uploads\/2025\/03\/dr_Novak_Nora_ugyved-768x1145.jpg 768w, https:\/\/drnovaknora.com\/wp-content\/uploads\/2025\/03\/dr_Novak_Nora_ugyved-8x12.jpg 8w, https:\/\/drnovaknora.com\/wp-content\/uploads\/2025\/03\/dr_Novak_Nora_ugyved.jpg 802w\" sizes=\"auto, (max-width: 400px) 100vw, 400px\" \/><\/p>\n<p style=\"text-align: left;\">Nemzetk\u00f6zi csapatunk Dubaiban \u00e9s Budapesten is v\u00e1rja a hozz\u00e1nk fordul\u00f3kat.<\/p>\n<p style=\"text-align: left;\">Dubaiban ingatlan befektet\u00e9sekhez k\u00f6t\u0151d\u0151 tan\u00e1csad\u00e1s, piackutat\u00e1s, \u00fczleti partner keres\u00e9s, seg\u00edts\u00e9g c\u00e9galap\u00edt\u00e1sban, \u00e1ltal\u00e1nos tan\u00e1csad\u00e1s a profilunk.<\/p>\n<p>Budapesten is kamatoztatjuk kiterjedt nemzetk\u00f6zi kapcsolatainkat \u00e9s tapasztalatainkat, ak\u00e1r \u00fczletet \u00e9p\u00edt a r\u00e9gi\u00f3ban, ak\u00e1r k\u00fclf\u00f6ldr\u0151l t\u00e9r haza \u00e9s j\u00f3l j\u00f6nne n\u00e9h\u00e1ny tan\u00e1cs az \u00fajrakezd\u00e9shez ak\u00e1r alkalmazottk\u00e9nt, ak\u00e1r v\u00e1llalkoz\u00f3k\u00e9nt.<\/p>\n<p>Ha van b\u00e1rmi \u00f6tlete, vagy megosztan\u00e1 vel\u00fcnk \u00fczleti terveit, n\u00e1lunk mindig nyitotts\u00e1got tal\u00e1l.<\/p>\n<p>\u00dcdv\u00f6zlettel,<br \/>\nNov\u00e1k N\u00f3ra, a The Dubai Connect Alap\u00edt\u00f3 tagja<\/p>\n<p>&#110;&#x6e;&#x40;&#100;&#x72;&#x6e;&#111;&#x76;&#x61;&#107;&#x6e;&#x6f;&#114;&#x61;&#x2e;&#99;&#x6f;&#x6d;<\/p>\n<p>+36 20 933 0113<\/p>\n<p>&nbsp;<\/p>\n<p style=\"text-align: center;\"><b>SZOLG\u00c1LTAT\u00c1SAINK<\/b><\/p>\n<p><strong>Piackutat\u00e1s<\/strong><\/p>\n<p>C\u00e9lunk, hogy min\u00e9l k\u00f6zelebb legy\u00fcnk az \u00fcgyf\u00e9lhez, meg\u00e9rts\u00fck az aktu\u00e1lis helyzet\u00e9t, k\u00f6z\u00e9p, hossz\u00fa t\u00e1v\u00fa terveit, valamint megismerj\u00fck a term\u00e9keit vagy szolg\u00e1ltat\u00e1sait.<\/p>\n<p>Ezt egy szem\u00e9lyes vagy f\u00f6ldrajzi okokb\u00f3l egy skype megbesz\u00e9l\u00e9sen tessz\u00fck meg, ami ut\u00e1n aj\u00e1nlatot adunk<\/p>\n<p><strong>1. r\u00e9sz \u2013 \u00c1ltal\u00e1nos piackutat\u00e1s<\/strong><\/p>\n<p>Az Emir\u00e1tusok piac\u00e1n l\u00e9v\u0151, lehets\u00e9ges konkurencia felkutat\u00e1sa, piaci r\u00e9szesed\u00e9s\u00fck felt\u00e9rk\u00e9pez\u00e9se, \u00e1raik pontos meg\u00e1llap\u00edt\u00e1sa. Gy\u00e1rt\u00f3k, Forgalmaz\u00f3k, Disztrib\u00fatorok egys\u00e9ges vizsg\u00e1lata. A konkurencia term\u00e9keinek pontos bemutat\u00e1sa k\u00e9pekkel is illusztr\u00e1lva.<\/p>\n<p>A piackutat\u00e1s ezen els\u0151 f\u00e1zis\u00e1t, pontos excell t\u00e1bl\u00e1zatban foglalva, a meg\u00e1llapod\u00e1s al\u00e1\u00edr\u00e1s\u00e1t k\u00f6vet\u0151 10 munkanapon bel\u00fcl adjuk \u00e1t.<\/p>\n<p><strong>2. r\u00e9sz \u2013 Lehets\u00e9ges \u00fczleti partnerek keres\u00e9se\u00a0<img loading=\"lazy\" decoding=\"async\" class=\"size-medium wp-image-940 alignright colorbox-5\" src=\"https:\/\/drnovaknora.com\/wp-content\/uploads\/2015\/06\/shutterstock_119806870-400x296.jpg\" alt=\"shutterstock_119806870\" width=\"400\" height=\"296\" srcset=\"https:\/\/drnovaknora.com\/wp-content\/uploads\/2015\/06\/shutterstock_119806870-400x296.jpg 400w, https:\/\/drnovaknora.com\/wp-content\/uploads\/2015\/06\/shutterstock_119806870-768x568.jpg 768w, https:\/\/drnovaknora.com\/wp-content\/uploads\/2015\/06\/shutterstock_119806870-750x555.jpg 750w\" sizes=\"auto, (max-width: 400px) 100vw, 400px\" \/><\/strong><\/p>\n<p>-az adott, k\u00f6z\u00f6sen meghat\u00e1rozott c\u00e9lcsoportok lehets\u00e9ges \u00fczleti partnereinek felkutat\u00e1sa<\/p>\n<p>-az \u00dcgyf\u00e9l \u00e1ltal rendelkez\u00e9sre bocs\u00e1tott t\u00e1j\u00e9koztat\u00f3 anyag eljuttat\u00e1sa az adott \u00a0\u00fczleti partner d\u00f6nt\u00e9shoz\u00f3j\u00e1hoz<\/p>\n<p>Az eljuttatott inform\u00e1ci\u00f3 telefonos ut\u00e1n k\u00f6vet\u00e9se<\/p>\n<p>\u00dczleti tal\u00e1lkoz\u00f3k szervez\u00e9se \u00dcgyf\u00e9l sz\u00e1m\u00e1ra a potenci\u00e1lis helyi partnerekkel<\/p>\n<p>Pontos t\u00e1bl\u00e1zat, nevekkel, el\u00e9rhet\u0151s\u00e9ggel a c\u00e9gekr\u0151l, kontakt szem\u00e9lyekr\u0151l.<\/p>\n<p>&nbsp;<\/p>\n<p><strong>Jogi seg\u00edts\u00e9g\/C\u00e9galap\u00edt\u00e1s<\/strong><\/p>\n<p>A The Dubai Connect egyik er\u0151ss\u00e9ge, hogy kiterjedt helyi, emir\u00e1tusi kapcsolatrendszerrel rendelkezik, mely nagyban megk\u00f6nny\u00edti \u00e9s ler\u00f6vid\u00edti sok esetben az \u00e9rv\u00e9nyes\u00fcl\u00e9s \u00fatj\u00e1t.\u00a0<img loading=\"lazy\" decoding=\"async\" class=\"size-medium wp-image-906 alignright colorbox-5\" src=\"https:\/\/drnovaknora.com\/wp-content\/uploads\/2016\/02\/sztereotipiak-es-a-valosag-400x254.jpg\" alt=\"sztereotipiak es a valosag\" width=\"400\" height=\"254\" srcset=\"https:\/\/drnovaknora.com\/wp-content\/uploads\/2016\/02\/sztereotipiak-es-a-valosag-400x254.jpg 400w, https:\/\/drnovaknora.com\/wp-content\/uploads\/2016\/02\/sztereotipiak-es-a-valosag-768x488.jpg 768w, https:\/\/drnovaknora.com\/wp-content\/uploads\/2016\/02\/sztereotipiak-es-a-valosag-750x476.jpg 750w\" sizes=\"auto, (max-width: 400px) 100vw, 400px\" \/><\/p>\n<p>Helyi jogi partner\u00fcnk az Al Bahar Strategic Center, akikkel szoros egy\u00fcttm\u0171k\u00f6d\u00e9sben folytatjuk tev\u00e9kenys\u00e9g\u00fcnket.<\/p>\n<p><strong>Ingatlanv\u00e1s\u00e1rl\u00e1s DUBAIBAN<\/strong><\/p>\n<div class=\"elementor-element elementor-element-46012d5 elementor-widget elementor-widget-text-editor\" data-id=\"46012d5\" data-element_type=\"widget\" data-widget_type=\"text-editor.default\">\n<div class=\"elementor-widget-container\">\n<p>Dubaiban ingatlant v\u00e1s\u00e1rolni egy ismeretlen terep azok sz\u00e1m\u00e1ra, akik ezen most kezdenek el gondolkozni. Tov\u00e1bb\u00e1 azoknak is t\u00e1mogat\u00e1st k\u00edv\u00e1nunk ny\u00fajtani, akik m\u00e9g nem gondoltak konkr\u00e9tan az Em\u00edrs\u00e9gekbeli befektet\u00e9si lehet\u0151s\u00e9gre, de nyitottak az \u00faj piacok felfedez\u00e9s\u00e9re.<\/p>\n<p>Mibe fektessem a p\u00e9nzem?<\/p>\n<\/div>\n<\/div>\n<div class=\"elementor-element elementor-element-d5ab13d elementor-icon-list--layout-traditional elementor-list-item-link-full_width elementor-widget elementor-widget-icon-list\" data-id=\"d5ab13d\" data-element_type=\"widget\" data-widget_type=\"icon-list.default\">\n<div class=\"elementor-widget-container\">\n<ul class=\"elementor-icon-list-items\">\n<li class=\"elementor-icon-list-item\"><span class=\"elementor-icon-list-text\">Ingatlan vagy egy\u00e9b?<\/span><\/li>\n<li class=\"elementor-icon-list-item\"><span class=\"elementor-icon-list-text\">Ha ingatlan, akkor Magyarorsz\u00e1g vagy esetleg k\u00fclf\u00f6ld?<\/span><\/li>\n<li class=\"elementor-icon-list-item\"><span class=\"elementor-icon-list-text\">Ha nem besz\u00e9lem a nyelvet, hogyan fogok boldogulni?<\/span><\/li>\n<li class=\"elementor-icon-list-item\"><span class=\"elementor-icon-list-text\">Nincs nagyon messze?<\/span><\/li>\n<li class=\"elementor-icon-list-item\"><span class=\"elementor-icon-list-text\">Honnan tudja, hogy t\u00e9nyleg \u00e9n leszek a tulajdonos?<\/span><\/li>\n<\/ul>\n<\/div>\n<\/div>\n<div class=\"elementor-element elementor-element-1b94174 elementor-widget elementor-widget-text-editor\" data-id=\"1b94174\" data-element_type=\"widget\" data-widget_type=\"text-editor.default\">\n<div class=\"elementor-widget-container\">\n<p>A fenti k\u00e9rd\u00e9ssort v\u00e9gtelen\u00edtve lehetne folytatni, \u00e9s teljesen \u00e9rthet\u0151, hogy ezek \u00e9s m\u00e9g sz\u00e1mos tov\u00e1bbi k\u00e9rd\u00e9s felmer\u00fcl a befektetni v\u00e1gy\u00f3 emberekben.<\/p>\n<p>Honlapunk c\u00e9lja, hogy egy pillanatk\u00e9pet kapj r\u00f3lunk, \u00e9s az \u00e1ltalunk Magyarorsz\u00e1gon \u00e9s Dubaiban ny\u00fajtott szolg\u00e1ltat\u00e1sokr\u00f3l, \u00e9s azt \u00e9rezd, hogy ez az a hely, ahol lehet k\u00e9rdezni.<\/p>\n<p>A k\u00e9rd\u00e9seidre pedig v\u00e1laszt fogsz kapni a tapasztalattal rendelkez\u0151 szak\u00e9rt\u0151kt\u0151l, akik v\u00e9gig vezetnek T\u00e9ged tan\u00e1csad\u00e1sukkal a tervezett Dubai ingatlanv\u00e1s\u00e1rl\u00e1s\/ ingatlan b\u00e9rbead\u00e1s sor\u00e1n.<\/p>\n<\/div>\n<\/div>\n<p><strong>K\u00f6lt\u00f6z\u00e9s az Emir\u00e1tusokba<\/strong><\/p>\n<p>\u00c9rdekel, hol, hogyan tal\u00e1lsz leghat\u00e9konyabban iskol\u00e1t a gyerekeidnek az Emir\u00e1tusokban?<\/p>\n<p>Sz\u00edvesen megismern\u00e9d egy tapasztalt tan\u00e1csad\u00f3val a v\u00e1rosr\u00e9szeket egy d\u00e9lel\u0151tt alatt, hogy eld\u00f6nthesd hol szeretn\u00e9tek lakni?<\/p>\n<p>Tervet szeretn\u00e9l, hogy l\u00e1sd, mi a legk\u00f6nnyebb \u00fatvonal a munkahely, lak\u00e1s, iskola h\u00e1romsz\u00f6gben?<\/p>\n<p>Bekapcsol\u00f3dn\u00e1l az emir\u00e1tusi \u2013 magyar v\u00e9rkering\u00e9sbe, hogy hasonl\u00f3 helyzetben l\u00e9v\u0151 ismer\u0151s\u00f6kre lelj?<\/p>\n<p>Expat feles\u00e9g vagy, aki \u00f6r\u00fclne n\u00e9h\u00e1ny b\u00edztat\u00f3 sz\u00f3nak \u00e9s hasznos tan\u00e1csnak a kezdeti id\u0151kben?<\/p>\n<p>&nbsp;<\/p>\n<p>K\u00e9rj t\u0151l\u00fcnk aj\u00e1nlatot, seg\u00edt\u00fcnk elindulni a siker \u00fatj\u00e1n!<\/p>\n\n<div class=\"wpcf7 no-js\" id=\"wpcf7-f963-o1\" lang=\"hu-HU\" dir=\"ltr\" data-wpcf7-id=\"963\">\n<div class=\"screen-reader-response\"><p role=\"status\" aria-live=\"polite\" aria-atomic=\"true\"><\/p> <ul><\/ul><\/div>\n<form action=\"\/en\/wp-json\/wp\/v2\/pages\/5#wpcf7-f963-o1\" method=\"post\" class=\"wpcf7-form init\" aria-label=\"Kapcsolatfelv\u00e9teli \u0171rlap\" novalidate=\"novalidate\" data-status=\"init\" data-trp-original-action=\"\/en\/wp-json\/wp\/v2\/pages\/5#wpcf7-f963-o1\">\n<fieldset class=\"hidden-fields-container\"><input type=\"hidden\" name=\"_wpcf7\" value=\"963\" \/><input type=\"hidden\" name=\"_wpcf7_version\" value=\"6.1.5\" \/><input type=\"hidden\" name=\"_wpcf7_locale\" value=\"hu_HU\" \/><input type=\"hidden\" name=\"_wpcf7_unit_tag\" value=\"wpcf7-f963-o1\" \/><input type=\"hidden\" name=\"_wpcf7_container_post\" value=\"0\" \/><input type=\"hidden\" name=\"_wpcf7_posted_data_hash\" value=\"\" \/>\n<\/fieldset>\n<div class=\"wpcf7-response-output\" aria-hidden=\"true\"><\/div>\n<p><span class=\"wpcf7-form-control-wrap\" data-name=\"nev\"><input size=\"40\" maxlength=\"400\" class=\"wpcf7-form-control wpcf7-text wpcf7-validates-as-required mezo\" aria-required=\"true\" aria-invalid=\"false\" placeholder=\"N\u00e9v\" value=\"\" type=\"text\" name=\"nev\" \/><\/span>\n<\/p>\n<p><span class=\"wpcf7-form-control-wrap\" data-name=\"cegnev\"><input size=\"40\" maxlength=\"400\" class=\"wpcf7-form-control wpcf7-text mezo\" aria-invalid=\"false\" placeholder=\"C\u00e9gn\u00e9v\" value=\"\" type=\"text\" name=\"cegnev\" \/><\/span>\n<\/p>\n<p><span class=\"wpcf7-form-control-wrap\" data-name=\"email\"><input size=\"40\" maxlength=\"400\" class=\"wpcf7-form-control wpcf7-email wpcf7-validates-as-required wpcf7-text wpcf7-validates-as-email mezo\" aria-required=\"true\" aria-invalid=\"false\" placeholder=\"E-mail\" value=\"\" type=\"email\" name=\"email\" \/><\/span>\n<\/p>\n<p><span class=\"wpcf7-form-control-wrap\" data-name=\"telefonszam\"><input size=\"40\" maxlength=\"400\" class=\"wpcf7-form-control wpcf7-text wpcf7-validates-as-required mezo\" aria-required=\"true\" aria-invalid=\"false\" placeholder=\"Telefonsz\u00e1m\" value=\"\" type=\"text\" name=\"telefonszam\" \/><\/span>\n<\/p>\n<div class=\"wpcf7-response-output\" aria-hidden=\"true\"><\/div>\n<p><input class=\"wpcf7-form-control wpcf7-submit has-spinner gomb\" type=\"submit\" value=\"Elk\u00fcld\u00f6m\" \/>\n<\/p>\n<input type=\"hidden\" name=\"trp-form-language\" value=\"en\"\/><\/form>\n<\/div>","protected":false},"excerpt":{"rendered":"<p>\u00dcgyv\u00e9dk\u00e9nt sz\u00e1momra nemcsak a szakma sz\u00e1m\u00edt, hanem az \u00fcgyf\u00e9l is: a t\u00f6rt\u00e9nete, a k\u00e9rd\u00e9sei, az aggodalmai, az \u00e9lethelyzete. Tudom \u00e9s \u00e1t\u00e9rzem, hogy amikor valaki hozz\u00e1m fordul, sz\u00e1m\u00e1ra az adott \u00fcgy ott \u00e9s akkor a legfontosabb a vil\u00e1gon. \u00c9ppen ez\u00e9rt mindig&#8230;<\/p>","protected":false},"author":1,"featured_media":1220,"parent":0,"menu_order":21,"comment_status":"closed","ping_status":"closed","template":"my-templates\/template-home.php","meta":{"footnotes":""},"class_list":["post-5","page","type-page","status-publish","has-post-thumbnail","hentry"],"yoast_head":"<!-- This site is optimized with the Yoast SEO plugin v27.3 - https:\/\/yoast.com\/product\/yoast-seo-wordpress\/ -->\n<title>Dr. Nov\u00e1k N\u00f3ra - \u00fcgyv\u00e9d -<\/title>\n<meta name=\"robots\" content=\"index, follow, max-snippet:-1, max-image-preview:large, max-video-preview:-1\" \/>\n<link rel=\"canonical\" href=\"https:\/\/drnovaknora.com\/en\/\" \/>\n<meta property=\"og:locale\" content=\"en_US\" \/>\n<meta property=\"og:type\" content=\"article\" \/>\n<meta property=\"og:title\" content=\"Dr. Nov\u00e1k N\u00f3ra - \u00fcgyv\u00e9d -\" \/>\n<meta property=\"og:description\" content=\"\u00dcgyv\u00e9dk\u00e9nt sz\u00e1momra nemcsak a szakma sz\u00e1m\u00edt, hanem az \u00fcgyf\u00e9l is: a t\u00f6rt\u00e9nete, a k\u00e9rd\u00e9sei, az aggodalmai, az \u00e9lethelyzete. Tudom \u00e9s \u00e1t\u00e9rzem, hogy amikor valaki hozz\u00e1m fordul, sz\u00e1m\u00e1ra az adott \u00fcgy ott \u00e9s akkor a legfontosabb a vil\u00e1gon. \u00c9ppen ez\u00e9rt mindig...\" \/>\n<meta property=\"og:url\" content=\"https:\/\/drnovaknora.com\/en\/\" \/>\n<meta property=\"og:site_name\" content=\"Dr. Nov\u00e1k N\u00f3ra - \u00fcgyv\u00e9d\" \/>\n<meta property=\"article:publisher\" content=\"https:\/\/www.facebook.com\/126366824238449?ref=embed_page\" \/>\n<meta property=\"article:modified_time\" content=\"2025-10-26T18:39:11+00:00\" \/>\n<meta property=\"og:image\" content=\"https:\/\/drnovaknora.com\/wp-content\/uploads\/2025\/03\/dr_Novak_Nora_ugyved.jpg\" \/>\n\t<meta property=\"og:image:width\" content=\"802\" \/>\n\t<meta property=\"og:image:height\" content=\"1196\" \/>\n\t<meta property=\"og:image:type\" content=\"image\/jpeg\" \/>\n<meta name=\"twitter:card\" content=\"summary_large_image\" \/>\n<meta name=\"twitter:label1\" content=\"Est. reading time\" \/>\n\t<meta name=\"twitter:data1\" content=\"5 minutes\" \/>\n<script type=\"application\/ld+json\" class=\"yoast-schema-graph\">{\"@context\":\"https:\\\/\\\/schema.org\",\"@graph\":[{\"@type\":\"WebPage\",\"@id\":\"https:\\\/\\\/drnovaknora.com\\\/\",\"url\":\"https:\\\/\\\/drnovaknora.com\\\/\",\"name\":\"Dr. Nov\u00e1k N\u00f3ra - \u00fcgyv\u00e9d -\",\"isPartOf\":{\"@id\":\"https:\\\/\\\/drnovaknora.com\\\/#website\"},\"primaryImageOfPage\":{\"@id\":\"https:\\\/\\\/drnovaknora.com\\\/#primaryimage\"},\"image\":{\"@id\":\"https:\\\/\\\/drnovaknora.com\\\/#primaryimage\"},\"thumbnailUrl\":\"https:\\\/\\\/drnovaknora.com\\\/wp-content\\\/uploads\\\/2025\\\/03\\\/dr_Novak_Nora_ugyved.jpg\",\"datePublished\":\"2013-06-13T09:23:10+00:00\",\"dateModified\":\"2025-10-26T18:39:11+00:00\",\"breadcrumb\":{\"@id\":\"https:\\\/\\\/drnovaknora.com\\\/#breadcrumb\"},\"inLanguage\":\"en-US\",\"potentialAction\":[{\"@type\":\"ReadAction\",\"target\":[\"https:\\\/\\\/drnovaknora.com\\\/\"]}]},{\"@type\":\"ImageObject\",\"inLanguage\":\"en-US\",\"@id\":\"https:\\\/\\\/drnovaknora.com\\\/#primaryimage\",\"url\":\"https:\\\/\\\/drnovaknora.com\\\/wp-content\\\/uploads\\\/2025\\\/03\\\/dr_Novak_Nora_ugyved.jpg\",\"contentUrl\":\"https:\\\/\\\/drnovaknora.com\\\/wp-content\\\/uploads\\\/2025\\\/03\\\/dr_Novak_Nora_ugyved.jpg\",\"width\":802,\"height\":1196,\"caption\":\"Dr. Nov\u00e1k N\u00f3ra \u00fcgyv\u00e9d - The Dubai Connect\"},{\"@type\":\"BreadcrumbList\",\"@id\":\"https:\\\/\\\/drnovaknora.com\\\/#breadcrumb\",\"itemListElement\":[{\"@type\":\"ListItem\",\"position\":1,\"name\":\"Kezd\u0151lap\",\"item\":\"https:\\\/\\\/drnovaknora.com\\\/\"},{\"@type\":\"ListItem\",\"position\":2,\"name\":\"F\u0151oldal\"}]},{\"@type\":\"WebSite\",\"@id\":\"https:\\\/\\\/drnovaknora.com\\\/#website\",\"url\":\"https:\\\/\\\/drnovaknora.com\\\/\",\"name\":\"dr. Nov\u00e1k N\u00f3ra \u00fcgyv\u00e9d, emir\u00e1tusi tan\u00e1csad\u00f3\",\"description\":\"\",\"publisher\":{\"@id\":\"https:\\\/\\\/drnovaknora.com\\\/#organization\"},\"potentialAction\":[{\"@type\":\"SearchAction\",\"target\":{\"@type\":\"EntryPoint\",\"urlTemplate\":\"https:\\\/\\\/drnovaknora.com\\\/?s={search_term_string}\"},\"query-input\":{\"@type\":\"PropertyValueSpecification\",\"valueRequired\":true,\"valueName\":\"search_term_string\"}}],\"inLanguage\":\"en-US\"},{\"@type\":\"Organization\",\"@id\":\"https:\\\/\\\/drnovaknora.com\\\/#organization\",\"name\":\"dr. Nov\u00e1k N\u00f3ra \u00fcgyv\u00e9d, emir\u00e1tusi tan\u00e1csad\u00f3\",\"url\":\"https:\\\/\\\/drnovaknora.com\\\/\",\"logo\":{\"@type\":\"ImageObject\",\"inLanguage\":\"en-US\",\"@id\":\"https:\\\/\\\/drnovaknora.com\\\/#\\\/schema\\\/logo\\\/image\\\/\",\"url\":\"https:\\\/\\\/drnovaknora.com\\\/wp-content\\\/uploads\\\/2025\\\/03\\\/dr_Novak_Nora_ugyved.jpg\",\"contentUrl\":\"https:\\\/\\\/drnovaknora.com\\\/wp-content\\\/uploads\\\/2025\\\/03\\\/dr_Novak_Nora_ugyved.jpg\",\"width\":802,\"height\":1196,\"caption\":\"dr. Nov\u00e1k N\u00f3ra \u00fcgyv\u00e9d, emir\u00e1tusi tan\u00e1csad\u00f3\"},\"image\":{\"@id\":\"https:\\\/\\\/drnovaknora.com\\\/#\\\/schema\\\/logo\\\/image\\\/\"},\"sameAs\":[\"https:\\\/\\\/www.facebook.com\\\/126366824238449?ref=embed_page\"]}]}<\/script>\n<!-- \/ Yoast SEO plugin. -->","yoast_head_json":{"title":"Dr. Nov\u00e1k N\u00f3ra - \u00fcgyv\u00e9d -","robots":{"index":"index","follow":"follow","max-snippet":"max-snippet:-1","max-image-preview":"max-image-preview:large","max-video-preview":"max-video-preview:-1"},"canonical":"https:\/\/drnovaknora.com\/en\/","og_locale":"en_US","og_type":"article","og_title":"Dr. Nov\u00e1k N\u00f3ra - \u00fcgyv\u00e9d -","og_description":"\u00dcgyv\u00e9dk\u00e9nt sz\u00e1momra nemcsak a szakma sz\u00e1m\u00edt, hanem az \u00fcgyf\u00e9l is: a t\u00f6rt\u00e9nete, a k\u00e9rd\u00e9sei, az aggodalmai, az \u00e9lethelyzete. Tudom \u00e9s \u00e1t\u00e9rzem, hogy amikor valaki hozz\u00e1m fordul, sz\u00e1m\u00e1ra az adott \u00fcgy ott \u00e9s akkor a legfontosabb a vil\u00e1gon. \u00c9ppen ez\u00e9rt mindig...","og_url":"https:\/\/drnovaknora.com\/en\/","og_site_name":"Dr. Nov\u00e1k N\u00f3ra - \u00fcgyv\u00e9d","article_publisher":"https:\/\/www.facebook.com\/126366824238449?ref=embed_page","article_modified_time":"2025-10-26T18:39:11+00:00","og_image":[{"width":802,"height":1196,"url":"https:\/\/drnovaknora.com\/wp-content\/uploads\/2025\/03\/dr_Novak_Nora_ugyved.jpg","type":"image\/jpeg"}],"twitter_card":"summary_large_image","twitter_misc":{"Est. reading time":"5 minutes"},"schema":{"@context":"https:\/\/schema.org","@graph":[{"@type":"WebPage","@id":"https:\/\/drnovaknora.com\/","url":"https:\/\/drnovaknora.com\/","name":"Dr. Nov\u00e1k N\u00f3ra - \u00fcgyv\u00e9d -","isPartOf":{"@id":"https:\/\/drnovaknora.com\/#website"},"primaryImageOfPage":{"@id":"https:\/\/drnovaknora.com\/#primaryimage"},"image":{"@id":"https:\/\/drnovaknora.com\/#primaryimage"},"thumbnailUrl":"https:\/\/drnovaknora.com\/wp-content\/uploads\/2025\/03\/dr_Novak_Nora_ugyved.jpg","datePublished":"2013-06-13T09:23:10+00:00","dateModified":"2025-10-26T18:39:11+00:00","breadcrumb":{"@id":"https:\/\/drnovaknora.com\/#breadcrumb"},"inLanguage":"en-US","potentialAction":[{"@type":"ReadAction","target":["https:\/\/drnovaknora.com\/"]}]},{"@type":"ImageObject","inLanguage":"en-US","@id":"https:\/\/drnovaknora.com\/#primaryimage","url":"https:\/\/drnovaknora.com\/wp-content\/uploads\/2025\/03\/dr_Novak_Nora_ugyved.jpg","contentUrl":"https:\/\/drnovaknora.com\/wp-content\/uploads\/2025\/03\/dr_Novak_Nora_ugyved.jpg","width":802,"height":1196,"caption":"Dr. Nov\u00e1k N\u00f3ra \u00fcgyv\u00e9d - The Dubai Connect"},{"@type":"BreadcrumbList","@id":"https:\/\/drnovaknora.com\/#breadcrumb","itemListElement":[{"@type":"ListItem","position":1,"name":"Kezd\u0151lap","item":"https:\/\/drnovaknora.com\/"},{"@type":"ListItem","position":2,"name":"F\u0151oldal"}]},{"@type":"WebSite","@id":"https:\/\/drnovaknora.com\/#website","url":"https:\/\/drnovaknora.com\/","name":"dr. Nov\u00e1k N\u00f3ra \u00fcgyv\u00e9d, emir\u00e1tusi tan\u00e1csad\u00f3","description":"","publisher":{"@id":"https:\/\/drnovaknora.com\/#organization"},"potentialAction":[{"@type":"SearchAction","target":{"@type":"EntryPoint","urlTemplate":"https:\/\/drnovaknora.com\/?s={search_term_string}"},"query-input":{"@type":"PropertyValueSpecification","valueRequired":true,"valueName":"search_term_string"}}],"inLanguage":"en-US"},{"@type":"Organization","@id":"https:\/\/drnovaknora.com\/#organization","name":"dr. Nov\u00e1k N\u00f3ra \u00fcgyv\u00e9d, emir\u00e1tusi tan\u00e1csad\u00f3","url":"https:\/\/drnovaknora.com\/","logo":{"@type":"ImageObject","inLanguage":"en-US","@id":"https:\/\/drnovaknora.com\/#\/schema\/logo\/image\/","url":"https:\/\/drnovaknora.com\/wp-content\/uploads\/2025\/03\/dr_Novak_Nora_ugyved.jpg","contentUrl":"https:\/\/drnovaknora.com\/wp-content\/uploads\/2025\/03\/dr_Novak_Nora_ugyved.jpg","width":802,"height":1196,"caption":"dr. Nov\u00e1k N\u00f3ra \u00fcgyv\u00e9d, emir\u00e1tusi tan\u00e1csad\u00f3"},"image":{"@id":"https:\/\/drnovaknora.com\/#\/schema\/logo\/image\/"},"sameAs":["https:\/\/www.facebook.com\/126366824238449?ref=embed_page"]}]}},"_links":{"self":[{"href":"https:\/\/drnovaknora.com\/en\/wp-json\/wp\/v2\/pages\/5","targetHints":{"allow":["GET"]}}],"collection":[{"href":"https:\/\/drnovaknora.com\/en\/wp-json\/wp\/v2\/pages"}],"about":[{"href":"https:\/\/drnovaknora.com\/en\/wp-json\/wp\/v2\/types\/page"}],"author":[{"embeddable":true,"href":"https:\/\/drnovaknora.com\/en\/wp-json\/wp\/v2\/users\/1"}],"replies":[{"embeddable":true,"href":"https:\/\/drnovaknora.com\/en\/wp-json\/wp\/v2\/comments?post=5"}],"version-history":[{"count":12,"href":"https:\/\/drnovaknora.com\/en\/wp-json\/wp\/v2\/pages\/5\/revisions"}],"predecessor-version":[{"id":1238,"href":"https:\/\/drnovaknora.com\/en\/wp-json\/wp\/v2\/pages\/5\/revisions\/1238"}],"wp:featuredmedia":[{"embeddable":true,"href":"https:\/\/drnovaknora.com\/en\/wp-json\/wp\/v2\/media\/1220"}],"wp:attachment":[{"href":"https:\/\/drnovaknora.com\/en\/wp-json\/wp\/v2\/media?parent=5"}],"curies":[{"name":"wp","href":"https:\/\/api.w.org\/{rel}","templated":true}]}}