{"id":1100,"date":"2021-07-03T12:48:01","date_gmt":"2021-07-03T10:48:01","guid":{"rendered":"https:\/\/drnovaknora.com\/?page_id=1100"},"modified":"2021-07-03T12:49:45","modified_gmt":"2021-07-03T10:49:45","slug":"impresszum","status":"publish","type":"page","link":"https:\/\/drnovaknora.com\/en\/impresszum","title":{"rendered":"Impressum"},"content":{"rendered":"<ul>\n<li><strong>C\u00e9gn\u00e9v<\/strong>: dr. Nov\u00e1k N\u00f3ra egy\u00e9ni \u00fcgyv\u00e9d<\/li>\n<li><strong>C\u00e9g k\u00e9pvisel\u0151je<\/strong>: dr. Nov\u00e1k N\u00f3ra<\/li>\n<li><strong>Ad\u00f3sz\u00e1m<\/strong>: 57196196-1-41<\/li>\n<li><strong>Sz\u00e9khely c\u00edme<\/strong>: 1037 Budapest, Vizimenta utca 8.<\/li>\n<li><strong>Kapcsolattart\u00f3<\/strong>: dr. Nov\u00e1k N\u00f3ra<\/li>\n<li><strong>Telefonsz\u00e1m<\/strong>: +36\u00a0209 330113<\/li>\n<li><strong>E-mail c\u00edm<\/strong>: nn&#64;&#100;&#114;&#x6e;&#x6f;&#x76;&#x61;kn&#111;&#114;&#97;&#x2e;&#x63;&#x6f;&#x6d;<\/li>\n<li><strong>T\u00e1rhely szolg\u00e1ltat\u00f3 el\u00e9rhet\u0151s\u00e9gei: <\/strong>Ill\u00e9s Imre ev.<br \/>\nWeboldal: <a href=\"https:\/\/sikeresweb.hu\/\" target=\"_blank\" rel=\"noopener\">sikeresweb.hu<\/a><br \/>\nTel: +36 30\u00a0216 4015<\/li>\n<\/ul>\n<p>&nbsp;<\/p>","protected":false},"excerpt":{"rendered":"<p>C\u00e9gn\u00e9v: dr. Nov\u00e1k N\u00f3ra egy\u00e9ni \u00fcgyv\u00e9d C\u00e9g k\u00e9pvisel\u0151je: dr. Nov\u00e1k N\u00f3ra Ad\u00f3sz\u00e1m: 57196196-1-41 Sz\u00e9khely c\u00edme: 1037 Budapest, Vizimenta utca 8. Kapcsolattart\u00f3: dr. Nov\u00e1k N\u00f3ra Telefonsz\u00e1m: +36\u00a0209 330113 E-mail c\u00edm: &#x6e;&#110;&#64;&#x64;&#x72;&#110;o&#x76;&#97;k&#x6e;&#x6f;&#114;a&#x2e;&#99;o&#x6d; T\u00e1rhely szolg\u00e1ltat\u00f3 el\u00e9rhet\u0151s\u00e9gei: Ill\u00e9s Imre ev. Weboldal: sikeresweb.hu Tel: +36&#8230;<\/p>","protected":false},"author":1,"featured_media":0,"parent":0,"menu_order":0,"comment_status":"closed","ping_status":"closed","template":"","meta":{"footnotes":""},"class_list":["post-1100","page","type-page","status-publish","hentry"],"yoast_head":"<!-- This site is optimized with the Yoast SEO plugin v27.3 - https:\/\/yoast.com\/product\/yoast-seo-wordpress\/ -->\n<title>Impresszum - Dr. Nov\u00e1k N\u00f3ra - \u00fcgyv\u00e9d<\/title>\n<meta name=\"robots\" content=\"index, follow, max-snippet:-1, max-image-preview:large, max-video-preview:-1\" \/>\n<link rel=\"canonical\" href=\"https:\/\/drnovaknora.com\/en\/impresszum\/\" \/>\n<meta property=\"og:locale\" content=\"en_US\" \/>\n<meta property=\"og:type\" content=\"article\" \/>\n<meta property=\"og:title\" content=\"Impresszum - Dr. Nov\u00e1k N\u00f3ra - \u00fcgyv\u00e9d\" \/>\n<meta property=\"og:description\" content=\"C\u00e9gn\u00e9v: dr. Nov\u00e1k N\u00f3ra egy\u00e9ni \u00fcgyv\u00e9d C\u00e9g k\u00e9pvisel\u0151je: dr. Nov\u00e1k N\u00f3ra Ad\u00f3sz\u00e1m: 57196196-1-41 Sz\u00e9khely c\u00edme: 1037 Budapest, Vizimenta utca 8. Kapcsolattart\u00f3: dr. Nov\u00e1k N\u00f3ra Telefonsz\u00e1m: +36\u00a0209 330113 E-mail c\u00edm: &#x6e;&#x6e;&#x40;&#x64;&#x72;&#x6e;&#x6f;&#118;&#097;&#107;&#110;&#111;ra&#046;c&#x6f;&#x6d; T\u00e1rhely szolg\u00e1ltat\u00f3 el\u00e9rhet\u0151s\u00e9gei: Ill\u00e9s Imre ev. Weboldal: sikeresweb.hu Tel: +36...\" \/>\n<meta property=\"og:url\" content=\"https:\/\/drnovaknora.com\/en\/impresszum\/\" \/>\n<meta property=\"og:site_name\" content=\"Dr. Nov\u00e1k N\u00f3ra - \u00fcgyv\u00e9d\" \/>\n<meta property=\"article:publisher\" content=\"https:\/\/www.facebook.com\/126366824238449?ref=embed_page\" \/>\n<meta property=\"article:modified_time\" content=\"2021-07-03T10:49:45+00:00\" \/>\n<meta property=\"og:image\" content=\"https:\/\/drnovaknora.com\/wp-content\/uploads\/2025\/03\/dr_Novak_Nora_ugyved.jpg\" \/>\n\t<meta property=\"og:image:width\" content=\"802\" \/>\n\t<meta property=\"og:image:height\" content=\"1196\" \/>\n\t<meta property=\"og:image:type\" content=\"image\/jpeg\" \/>\n<meta name=\"twitter:card\" content=\"summary_large_image\" \/>\n<script type=\"application\/ld+json\" class=\"yoast-schema-graph\">{\"@context\":\"https:\\\/\\\/schema.org\",\"@graph\":[{\"@type\":\"WebPage\",\"@id\":\"https:\\\/\\\/drnovaknora.com\\\/impresszum\",\"url\":\"https:\\\/\\\/drnovaknora.com\\\/impresszum\",\"name\":\"Impresszum - Dr. Nov\u00e1k N\u00f3ra - \u00fcgyv\u00e9d\",\"isPartOf\":{\"@id\":\"https:\\\/\\\/drnovaknora.com\\\/#website\"},\"datePublished\":\"2021-07-03T10:48:01+00:00\",\"dateModified\":\"2021-07-03T10:49:45+00:00\",\"breadcrumb\":{\"@id\":\"https:\\\/\\\/drnovaknora.com\\\/impresszum#breadcrumb\"},\"inLanguage\":\"en-US\",\"potentialAction\":[{\"@type\":\"ReadAction\",\"target\":[\"https:\\\/\\\/drnovaknora.com\\\/impresszum\"]}]},{\"@type\":\"BreadcrumbList\",\"@id\":\"https:\\\/\\\/drnovaknora.com\\\/impresszum#breadcrumb\",\"itemListElement\":[{\"@type\":\"ListItem\",\"position\":1,\"name\":\"Kezd\u0151lap\",\"item\":\"https:\\\/\\\/drnovaknora.com\\\/\"},{\"@type\":\"ListItem\",\"position\":2,\"name\":\"Impresszum\"}]},{\"@type\":\"WebSite\",\"@id\":\"https:\\\/\\\/drnovaknora.com\\\/#website\",\"url\":\"https:\\\/\\\/drnovaknora.com\\\/\",\"name\":\"dr. Nov\u00e1k N\u00f3ra \u00fcgyv\u00e9d, emir\u00e1tusi tan\u00e1csad\u00f3\",\"description\":\"\",\"publisher\":{\"@id\":\"https:\\\/\\\/drnovaknora.com\\\/#organization\"},\"potentialAction\":[{\"@type\":\"SearchAction\",\"target\":{\"@type\":\"EntryPoint\",\"urlTemplate\":\"https:\\\/\\\/drnovaknora.com\\\/?s={search_term_string}\"},\"query-input\":{\"@type\":\"PropertyValueSpecification\",\"valueRequired\":true,\"valueName\":\"search_term_string\"}}],\"inLanguage\":\"en-US\"},{\"@type\":\"Organization\",\"@id\":\"https:\\\/\\\/drnovaknora.com\\\/#organization\",\"name\":\"dr. Nov\u00e1k N\u00f3ra \u00fcgyv\u00e9d, emir\u00e1tusi tan\u00e1csad\u00f3\",\"url\":\"https:\\\/\\\/drnovaknora.com\\\/\",\"logo\":{\"@type\":\"ImageObject\",\"inLanguage\":\"en-US\",\"@id\":\"https:\\\/\\\/drnovaknora.com\\\/#\\\/schema\\\/logo\\\/image\\\/\",\"url\":\"https:\\\/\\\/drnovaknora.com\\\/wp-content\\\/uploads\\\/2025\\\/03\\\/dr_Novak_Nora_ugyved.jpg\",\"contentUrl\":\"https:\\\/\\\/drnovaknora.com\\\/wp-content\\\/uploads\\\/2025\\\/03\\\/dr_Novak_Nora_ugyved.jpg\",\"width\":802,\"height\":1196,\"caption\":\"dr. Nov\u00e1k N\u00f3ra \u00fcgyv\u00e9d, emir\u00e1tusi tan\u00e1csad\u00f3\"},\"image\":{\"@id\":\"https:\\\/\\\/drnovaknora.com\\\/#\\\/schema\\\/logo\\\/image\\\/\"},\"sameAs\":[\"https:\\\/\\\/www.facebook.com\\\/126366824238449?ref=embed_page\"]}]}<\/script>\n<!-- \/ Yoast SEO plugin. -->","yoast_head_json":{"title":"Impresszum - Dr. Nov\u00e1k N\u00f3ra - \u00fcgyv\u00e9d","robots":{"index":"index","follow":"follow","max-snippet":"max-snippet:-1","max-image-preview":"max-image-preview:large","max-video-preview":"max-video-preview:-1"},"canonical":"https:\/\/drnovaknora.com\/en\/impresszum\/","og_locale":"en_US","og_type":"article","og_title":"Impresszum - Dr. Nov\u00e1k N\u00f3ra - \u00fcgyv\u00e9d","og_description":"C\u00e9gn\u00e9v: dr. Nov\u00e1k N\u00f3ra egy\u00e9ni \u00fcgyv\u00e9d C\u00e9g k\u00e9pvisel\u0151je: dr. Nov\u00e1k N\u00f3ra Ad\u00f3sz\u00e1m: 57196196-1-41 Sz\u00e9khely c\u00edme: 1037 Budapest, Vizimenta utca 8. Kapcsolattart\u00f3: dr. Nov\u00e1k N\u00f3ra Telefonsz\u00e1m: +36\u00a0209 330113 E-mail c\u00edm: &#x6e;&#x6e;&#x40;&#x64;&#x72;&#x6e;&#x6f;&#118;&#97;&#107;&#110;&#111;ra&#46;c&#x6f;&#x6d; T\u00e1rhely szolg\u00e1ltat\u00f3 el\u00e9rhet\u0151s\u00e9gei: Ill\u00e9s Imre ev. Weboldal: sikeresweb.hu Tel: +36...","og_url":"https:\/\/drnovaknora.com\/en\/impresszum\/","og_site_name":"Dr. Nov\u00e1k N\u00f3ra - \u00fcgyv\u00e9d","article_publisher":"https:\/\/www.facebook.com\/126366824238449?ref=embed_page","article_modified_time":"2021-07-03T10:49:45+00:00","og_image":[{"width":802,"height":1196,"url":"https:\/\/drnovaknora.com\/wp-content\/uploads\/2025\/03\/dr_Novak_Nora_ugyved.jpg","type":"image\/jpeg"}],"twitter_card":"summary_large_image","schema":{"@context":"https:\/\/schema.org","@graph":[{"@type":"WebPage","@id":"https:\/\/drnovaknora.com\/impresszum","url":"https:\/\/drnovaknora.com\/impresszum","name":"Impresszum - Dr. Nov\u00e1k N\u00f3ra - \u00fcgyv\u00e9d","isPartOf":{"@id":"https:\/\/drnovaknora.com\/#website"},"datePublished":"2021-07-03T10:48:01+00:00","dateModified":"2021-07-03T10:49:45+00:00","breadcrumb":{"@id":"https:\/\/drnovaknora.com\/impresszum#breadcrumb"},"inLanguage":"en-US","potentialAction":[{"@type":"ReadAction","target":["https:\/\/drnovaknora.com\/impresszum"]}]},{"@type":"BreadcrumbList","@id":"https:\/\/drnovaknora.com\/impresszum#breadcrumb","itemListElement":[{"@type":"ListItem","position":1,"name":"Kezd\u0151lap","item":"https:\/\/drnovaknora.com\/"},{"@type":"ListItem","position":2,"name":"Impresszum"}]},{"@type":"WebSite","@id":"https:\/\/drnovaknora.com\/#website","url":"https:\/\/drnovaknora.com\/","name":"dr. Nov\u00e1k N\u00f3ra \u00fcgyv\u00e9d, emir\u00e1tusi tan\u00e1csad\u00f3","description":"","publisher":{"@id":"https:\/\/drnovaknora.com\/#organization"},"potentialAction":[{"@type":"SearchAction","target":{"@type":"EntryPoint","urlTemplate":"https:\/\/drnovaknora.com\/?s={search_term_string}"},"query-input":{"@type":"PropertyValueSpecification","valueRequired":true,"valueName":"search_term_string"}}],"inLanguage":"en-US"},{"@type":"Organization","@id":"https:\/\/drnovaknora.com\/#organization","name":"dr. Nov\u00e1k N\u00f3ra \u00fcgyv\u00e9d, emir\u00e1tusi tan\u00e1csad\u00f3","url":"https:\/\/drnovaknora.com\/","logo":{"@type":"ImageObject","inLanguage":"en-US","@id":"https:\/\/drnovaknora.com\/#\/schema\/logo\/image\/","url":"https:\/\/drnovaknora.com\/wp-content\/uploads\/2025\/03\/dr_Novak_Nora_ugyved.jpg","contentUrl":"https:\/\/drnovaknora.com\/wp-content\/uploads\/2025\/03\/dr_Novak_Nora_ugyved.jpg","width":802,"height":1196,"caption":"dr. Nov\u00e1k N\u00f3ra \u00fcgyv\u00e9d, emir\u00e1tusi tan\u00e1csad\u00f3"},"image":{"@id":"https:\/\/drnovaknora.com\/#\/schema\/logo\/image\/"},"sameAs":["https:\/\/www.facebook.com\/126366824238449?ref=embed_page"]}]}},"_links":{"self":[{"href":"https:\/\/drnovaknora.com\/en\/wp-json\/wp\/v2\/pages\/1100","targetHints":{"allow":["GET"]}}],"collection":[{"href":"https:\/\/drnovaknora.com\/en\/wp-json\/wp\/v2\/pages"}],"about":[{"href":"https:\/\/drnovaknora.com\/en\/wp-json\/wp\/v2\/types\/page"}],"author":[{"embeddable":true,"href":"https:\/\/drnovaknora.com\/en\/wp-json\/wp\/v2\/users\/1"}],"replies":[{"embeddable":true,"href":"https:\/\/drnovaknora.com\/en\/wp-json\/wp\/v2\/comments?post=1100"}],"version-history":[{"count":3,"href":"https:\/\/drnovaknora.com\/en\/wp-json\/wp\/v2\/pages\/1100\/revisions"}],"predecessor-version":[{"id":1103,"href":"https:\/\/drnovaknora.com\/en\/wp-json\/wp\/v2\/pages\/1100\/revisions\/1103"}],"wp:attachment":[{"href":"https:\/\/drnovaknora.com\/en\/wp-json\/wp\/v2\/media?parent=1100"}],"curies":[{"name":"wp","href":"https:\/\/api.w.org\/{rel}","templated":true}]}}