{"id":1083,"date":"2021-06-16T22:40:40","date_gmt":"2021-06-16T20:40:40","guid":{"rendered":"https:\/\/drnovaknora.com\/?page_id=1083"},"modified":"2023-09-29T16:46:02","modified_gmt":"2023-09-29T14:46:02","slug":"jogi-megfelelesi-cegatvilagitas","status":"publish","type":"page","link":"https:\/\/drnovaknora.com\/en\/jogi-megfelelesi-cegatvilagitas","title":{"rendered":"Legal compliance due diligence"},"content":{"rendered":"<h3>What does it solve?<\/h3>\n<ul>\n<li>If you're a business leader looking to increase company efficiency and revenue<\/li>\n<li>If you are not sure that your company's operations or management activities comply with legal requirements<\/li>\n<li>If you want to improve your company but are unsure how to do it<\/li>\n<li>As a business owner, you are not sure that your investment is working well or delivering the most value<\/li>\n<li>If you are about to buy a business and want to better assess the risks<\/li>\n<\/ul>\n<h3>Why is it beneficial?<\/h3>\n<ul>\n<li><strong>Objective<\/strong>, because the partner carrying out the valuation has no interest in the outcome.\nIndependent, because it is carried out by external experts.<\/li>\n<li><strong>Independent<\/strong>, because it is carried out by external experts.<\/li>\n<li><strong>Economical<\/strong>, because you do not need to maintain independent internal auditors, company analysts, internal audit organisation.<\/li>\n<li><strong>Targeted<\/strong>, because the purpose, subject and scope of the due diligence are agreed with the interested company manager or owner.<\/li>\n<li><strong>It adds value<\/strong>, as the audit goes beyond the findings to make recommendations for operational improvements.<\/li>\n<\/ul>","protected":false},"excerpt":{"rendered":"<p>Mire ny\u00fajt megold\u00e1st? Ha c\u00e9gvezet\u0151k\u00e9nt szeretn\u00e9 a v\u00e1llalat hat\u00e9konys\u00e1g\u00e1t \u00e9s a bev\u00e9teleket n\u00f6velni? Ha nem biztos abban, hogy a c\u00e9g operat\u00edv m\u0171k\u00f6d\u00e9se, vagy gazd\u00e1lkod\u00e1si tev\u00e9kenys\u00e9ge megfelel a jogszab\u00e1lyi k\u00f6vetelm\u00e9nyeknek? Ha ig\u00e9nye van a v\u00e1llalat fejleszt\u00e9s\u00e9re, de bizonytalan a megval\u00f3s\u00edt\u00e1sban? Ha&#8230;<\/p>","protected":false},"author":1,"featured_media":0,"parent":0,"menu_order":0,"comment_status":"closed","ping_status":"closed","template":"","meta":{"footnotes":""},"class_list":["post-1083","page","type-page","status-publish","hentry"],"yoast_head":"<!-- This site is optimized with the Yoast SEO plugin v27.3 - https:\/\/yoast.com\/product\/yoast-seo-wordpress\/ -->\n<title>Jogi megfelel\u00e9si c\u00e9g\u00e1tvil\u00e1g\u00edt\u00e1s - Dr. Nov\u00e1k N\u00f3ra - \u00fcgyv\u00e9d<\/title>\n<meta name=\"robots\" content=\"index, follow, max-snippet:-1, max-image-preview:large, max-video-preview:-1\" \/>\n<link rel=\"canonical\" href=\"https:\/\/drnovaknora.com\/en\/jogi-megfelelesi-cegatvilagitas\/\" \/>\n<meta property=\"og:locale\" content=\"en_US\" \/>\n<meta property=\"og:type\" content=\"article\" \/>\n<meta property=\"og:title\" content=\"Jogi megfelel\u00e9si c\u00e9g\u00e1tvil\u00e1g\u00edt\u00e1s - Dr. Nov\u00e1k N\u00f3ra - \u00fcgyv\u00e9d\" \/>\n<meta property=\"og:description\" content=\"Mire ny\u00fajt megold\u00e1st? Ha c\u00e9gvezet\u0151k\u00e9nt szeretn\u00e9 a v\u00e1llalat hat\u00e9konys\u00e1g\u00e1t \u00e9s a bev\u00e9teleket n\u00f6velni? Ha nem biztos abban, hogy a c\u00e9g operat\u00edv m\u0171k\u00f6d\u00e9se, vagy gazd\u00e1lkod\u00e1si tev\u00e9kenys\u00e9ge megfelel a jogszab\u00e1lyi k\u00f6vetelm\u00e9nyeknek? Ha ig\u00e9nye van a v\u00e1llalat fejleszt\u00e9s\u00e9re, de bizonytalan a megval\u00f3s\u00edt\u00e1sban? Ha...\" \/>\n<meta property=\"og:url\" content=\"https:\/\/drnovaknora.com\/en\/jogi-megfelelesi-cegatvilagitas\/\" \/>\n<meta property=\"og:site_name\" content=\"Dr. Nov\u00e1k N\u00f3ra - \u00fcgyv\u00e9d\" \/>\n<meta property=\"article:publisher\" content=\"https:\/\/www.facebook.com\/126366824238449?ref=embed_page\" \/>\n<meta property=\"article:modified_time\" content=\"2023-09-29T14:46:02+00:00\" \/>\n<meta property=\"og:image\" content=\"https:\/\/drnovaknora.com\/wp-content\/uploads\/2025\/03\/dr_Novak_Nora_ugyved.jpg\" \/>\n\t<meta property=\"og:image:width\" content=\"802\" \/>\n\t<meta property=\"og:image:height\" content=\"1196\" \/>\n\t<meta property=\"og:image:type\" content=\"image\/jpeg\" \/>\n<meta name=\"twitter:card\" content=\"summary_large_image\" \/>\n<meta name=\"twitter:label1\" content=\"Est. reading time\" \/>\n\t<meta name=\"twitter:data1\" content=\"1 minute\" \/>\n<script type=\"application\/ld+json\" class=\"yoast-schema-graph\">{\"@context\":\"https:\\\/\\\/schema.org\",\"@graph\":[{\"@type\":\"WebPage\",\"@id\":\"https:\\\/\\\/drnovaknora.com\\\/jogi-megfelelesi-cegatvilagitas\",\"url\":\"https:\\\/\\\/drnovaknora.com\\\/jogi-megfelelesi-cegatvilagitas\",\"name\":\"Jogi megfelel\u00e9si c\u00e9g\u00e1tvil\u00e1g\u00edt\u00e1s - Dr. Nov\u00e1k N\u00f3ra - \u00fcgyv\u00e9d\",\"isPartOf\":{\"@id\":\"https:\\\/\\\/drnovaknora.com\\\/#website\"},\"datePublished\":\"2021-06-16T20:40:40+00:00\",\"dateModified\":\"2023-09-29T14:46:02+00:00\",\"breadcrumb\":{\"@id\":\"https:\\\/\\\/drnovaknora.com\\\/jogi-megfelelesi-cegatvilagitas#breadcrumb\"},\"inLanguage\":\"en-US\",\"potentialAction\":[{\"@type\":\"ReadAction\",\"target\":[\"https:\\\/\\\/drnovaknora.com\\\/jogi-megfelelesi-cegatvilagitas\"]}]},{\"@type\":\"BreadcrumbList\",\"@id\":\"https:\\\/\\\/drnovaknora.com\\\/jogi-megfelelesi-cegatvilagitas#breadcrumb\",\"itemListElement\":[{\"@type\":\"ListItem\",\"position\":1,\"name\":\"Kezd\u0151lap\",\"item\":\"https:\\\/\\\/drnovaknora.com\\\/\"},{\"@type\":\"ListItem\",\"position\":2,\"name\":\"Jogi megfelel\u00e9si c\u00e9g\u00e1tvil\u00e1g\u00edt\u00e1s\"}]},{\"@type\":\"WebSite\",\"@id\":\"https:\\\/\\\/drnovaknora.com\\\/#website\",\"url\":\"https:\\\/\\\/drnovaknora.com\\\/\",\"name\":\"dr. Nov\u00e1k N\u00f3ra \u00fcgyv\u00e9d, emir\u00e1tusi tan\u00e1csad\u00f3\",\"description\":\"\",\"publisher\":{\"@id\":\"https:\\\/\\\/drnovaknora.com\\\/#organization\"},\"potentialAction\":[{\"@type\":\"SearchAction\",\"target\":{\"@type\":\"EntryPoint\",\"urlTemplate\":\"https:\\\/\\\/drnovaknora.com\\\/?s={search_term_string}\"},\"query-input\":{\"@type\":\"PropertyValueSpecification\",\"valueRequired\":true,\"valueName\":\"search_term_string\"}}],\"inLanguage\":\"en-US\"},{\"@type\":\"Organization\",\"@id\":\"https:\\\/\\\/drnovaknora.com\\\/#organization\",\"name\":\"dr. Nov\u00e1k N\u00f3ra \u00fcgyv\u00e9d, emir\u00e1tusi tan\u00e1csad\u00f3\",\"url\":\"https:\\\/\\\/drnovaknora.com\\\/\",\"logo\":{\"@type\":\"ImageObject\",\"inLanguage\":\"en-US\",\"@id\":\"https:\\\/\\\/drnovaknora.com\\\/#\\\/schema\\\/logo\\\/image\\\/\",\"url\":\"https:\\\/\\\/drnovaknora.com\\\/wp-content\\\/uploads\\\/2025\\\/03\\\/dr_Novak_Nora_ugyved.jpg\",\"contentUrl\":\"https:\\\/\\\/drnovaknora.com\\\/wp-content\\\/uploads\\\/2025\\\/03\\\/dr_Novak_Nora_ugyved.jpg\",\"width\":802,\"height\":1196,\"caption\":\"dr. Nov\u00e1k N\u00f3ra \u00fcgyv\u00e9d, emir\u00e1tusi tan\u00e1csad\u00f3\"},\"image\":{\"@id\":\"https:\\\/\\\/drnovaknora.com\\\/#\\\/schema\\\/logo\\\/image\\\/\"},\"sameAs\":[\"https:\\\/\\\/www.facebook.com\\\/126366824238449?ref=embed_page\"]}]}<\/script>\n<!-- \/ Yoast SEO plugin. -->","yoast_head_json":{"title":"Jogi megfelel\u00e9si c\u00e9g\u00e1tvil\u00e1g\u00edt\u00e1s - Dr. Nov\u00e1k N\u00f3ra - \u00fcgyv\u00e9d","robots":{"index":"index","follow":"follow","max-snippet":"max-snippet:-1","max-image-preview":"max-image-preview:large","max-video-preview":"max-video-preview:-1"},"canonical":"https:\/\/drnovaknora.com\/en\/jogi-megfelelesi-cegatvilagitas\/","og_locale":"en_US","og_type":"article","og_title":"Jogi megfelel\u00e9si c\u00e9g\u00e1tvil\u00e1g\u00edt\u00e1s - Dr. Nov\u00e1k N\u00f3ra - \u00fcgyv\u00e9d","og_description":"Mire ny\u00fajt megold\u00e1st? Ha c\u00e9gvezet\u0151k\u00e9nt szeretn\u00e9 a v\u00e1llalat hat\u00e9konys\u00e1g\u00e1t \u00e9s a bev\u00e9teleket n\u00f6velni? Ha nem biztos abban, hogy a c\u00e9g operat\u00edv m\u0171k\u00f6d\u00e9se, vagy gazd\u00e1lkod\u00e1si tev\u00e9kenys\u00e9ge megfelel a jogszab\u00e1lyi k\u00f6vetelm\u00e9nyeknek? Ha ig\u00e9nye van a v\u00e1llalat fejleszt\u00e9s\u00e9re, de bizonytalan a megval\u00f3s\u00edt\u00e1sban? Ha...","og_url":"https:\/\/drnovaknora.com\/en\/jogi-megfelelesi-cegatvilagitas\/","og_site_name":"Dr. Nov\u00e1k N\u00f3ra - \u00fcgyv\u00e9d","article_publisher":"https:\/\/www.facebook.com\/126366824238449?ref=embed_page","article_modified_time":"2023-09-29T14:46:02+00:00","og_image":[{"width":802,"height":1196,"url":"https:\/\/drnovaknora.com\/wp-content\/uploads\/2025\/03\/dr_Novak_Nora_ugyved.jpg","type":"image\/jpeg"}],"twitter_card":"summary_large_image","twitter_misc":{"Est. reading time":"1 minute"},"schema":{"@context":"https:\/\/schema.org","@graph":[{"@type":"WebPage","@id":"https:\/\/drnovaknora.com\/jogi-megfelelesi-cegatvilagitas","url":"https:\/\/drnovaknora.com\/jogi-megfelelesi-cegatvilagitas","name":"Jogi megfelel\u00e9si c\u00e9g\u00e1tvil\u00e1g\u00edt\u00e1s - Dr. Nov\u00e1k N\u00f3ra - \u00fcgyv\u00e9d","isPartOf":{"@id":"https:\/\/drnovaknora.com\/#website"},"datePublished":"2021-06-16T20:40:40+00:00","dateModified":"2023-09-29T14:46:02+00:00","breadcrumb":{"@id":"https:\/\/drnovaknora.com\/jogi-megfelelesi-cegatvilagitas#breadcrumb"},"inLanguage":"en-US","potentialAction":[{"@type":"ReadAction","target":["https:\/\/drnovaknora.com\/jogi-megfelelesi-cegatvilagitas"]}]},{"@type":"BreadcrumbList","@id":"https:\/\/drnovaknora.com\/jogi-megfelelesi-cegatvilagitas#breadcrumb","itemListElement":[{"@type":"ListItem","position":1,"name":"Kezd\u0151lap","item":"https:\/\/drnovaknora.com\/"},{"@type":"ListItem","position":2,"name":"Jogi megfelel\u00e9si c\u00e9g\u00e1tvil\u00e1g\u00edt\u00e1s"}]},{"@type":"WebSite","@id":"https:\/\/drnovaknora.com\/#website","url":"https:\/\/drnovaknora.com\/","name":"dr. Nov\u00e1k N\u00f3ra \u00fcgyv\u00e9d, emir\u00e1tusi tan\u00e1csad\u00f3","description":"","publisher":{"@id":"https:\/\/drnovaknora.com\/#organization"},"potentialAction":[{"@type":"SearchAction","target":{"@type":"EntryPoint","urlTemplate":"https:\/\/drnovaknora.com\/?s={search_term_string}"},"query-input":{"@type":"PropertyValueSpecification","valueRequired":true,"valueName":"search_term_string"}}],"inLanguage":"en-US"},{"@type":"Organization","@id":"https:\/\/drnovaknora.com\/#organization","name":"dr. Nov\u00e1k N\u00f3ra \u00fcgyv\u00e9d, emir\u00e1tusi tan\u00e1csad\u00f3","url":"https:\/\/drnovaknora.com\/","logo":{"@type":"ImageObject","inLanguage":"en-US","@id":"https:\/\/drnovaknora.com\/#\/schema\/logo\/image\/","url":"https:\/\/drnovaknora.com\/wp-content\/uploads\/2025\/03\/dr_Novak_Nora_ugyved.jpg","contentUrl":"https:\/\/drnovaknora.com\/wp-content\/uploads\/2025\/03\/dr_Novak_Nora_ugyved.jpg","width":802,"height":1196,"caption":"dr. Nov\u00e1k N\u00f3ra \u00fcgyv\u00e9d, emir\u00e1tusi tan\u00e1csad\u00f3"},"image":{"@id":"https:\/\/drnovaknora.com\/#\/schema\/logo\/image\/"},"sameAs":["https:\/\/www.facebook.com\/126366824238449?ref=embed_page"]}]}},"_links":{"self":[{"href":"https:\/\/drnovaknora.com\/en\/wp-json\/wp\/v2\/pages\/1083","targetHints":{"allow":["GET"]}}],"collection":[{"href":"https:\/\/drnovaknora.com\/en\/wp-json\/wp\/v2\/pages"}],"about":[{"href":"https:\/\/drnovaknora.com\/en\/wp-json\/wp\/v2\/types\/page"}],"author":[{"embeddable":true,"href":"https:\/\/drnovaknora.com\/en\/wp-json\/wp\/v2\/users\/1"}],"replies":[{"embeddable":true,"href":"https:\/\/drnovaknora.com\/en\/wp-json\/wp\/v2\/comments?post=1083"}],"version-history":[{"count":3,"href":"https:\/\/drnovaknora.com\/en\/wp-json\/wp\/v2\/pages\/1083\/revisions"}],"predecessor-version":[{"id":1156,"href":"https:\/\/drnovaknora.com\/en\/wp-json\/wp\/v2\/pages\/1083\/revisions\/1156"}],"wp:attachment":[{"href":"https:\/\/drnovaknora.com\/en\/wp-json\/wp\/v2\/media?parent=1083"}],"curies":[{"name":"wp","href":"https:\/\/api.w.org\/{rel}","templated":true}]}}