{"id":1081,"date":"2021-06-16T22:39:27","date_gmt":"2021-06-16T20:39:27","guid":{"rendered":"https:\/\/drnovaknora.com\/?page_id=1081"},"modified":"2021-06-16T22:39:27","modified_gmt":"2021-06-16T20:39:27","slug":"csaladjog","status":"publish","type":"page","link":"https:\/\/drnovaknora.com\/en\/csaladjog","title":{"rendered":"Family law"},"content":{"rendered":"<ul>\n<li>marriage or civil partnership property contract<\/li>\n<li>divorce proceedings<\/li>\n<li>divorce by mutual agreement<\/li>\n<li>contact cases<\/li>\n<li>removal of a child abroad, designation of the child's habitual residence<\/li>\n<li>proceedings for wrongful removal of a child under the Hague Convention<\/li>\n<li>child custody, maintenance<\/li>\n<li>parental supervision<\/li>\n<li>civil partnership<\/li>\n<li>marriage contract<\/li>\n<\/ul>","protected":false},"excerpt":{"rendered":"<p>h\u00e1zass\u00e1gi vagy \u00e9lett\u00e1rsi vagyonjogi szerz\u0151d\u00e9s h\u00e1zass\u00e1gi bont\u00f3per bont\u00f3per k\u00f6z\u00f6s megegyez\u00e9ssel kapcsolattart\u00e1si \u00fcgyek gyermek k\u00fclf\u00f6ldre vitele, gyermek szok\u00e1sos tart\u00f3zkod\u00e1s hely\u00e9nek kijel\u00f6l\u00e9se elj\u00e1r\u00e1s gyermek jogellenes k\u00fclf\u00f6ldre vitele eset\u00e9n a H\u00e1gai egyezm\u00e9ny alapj\u00e1n gyermekelhelyez\u00e9s, tart\u00e1sd\u00edj sz\u00fcl\u0151i fel\u00fcgyelet \u00e9lett\u00e1rsi kapcsolat h\u00e1zass\u00e1gi vagy \u00e9lett\u00e1rsi k\u00f6z\u00f6s&#8230;<\/p>","protected":false},"author":1,"featured_media":0,"parent":0,"menu_order":0,"comment_status":"closed","ping_status":"closed","template":"","meta":{"footnotes":""},"class_list":["post-1081","page","type-page","status-publish","hentry"],"yoast_head":"<!-- This site is optimized with the Yoast SEO plugin v27.3 - https:\/\/yoast.com\/product\/yoast-seo-wordpress\/ -->\n<title>Csal\u00e1djog - Dr. Nov\u00e1k N\u00f3ra - \u00fcgyv\u00e9d<\/title>\n<meta name=\"robots\" content=\"index, follow, max-snippet:-1, max-image-preview:large, max-video-preview:-1\" \/>\n<link rel=\"canonical\" href=\"https:\/\/drnovaknora.com\/en\/csaladjog\/\" \/>\n<meta property=\"og:locale\" content=\"en_US\" \/>\n<meta property=\"og:type\" content=\"article\" \/>\n<meta property=\"og:title\" content=\"Csal\u00e1djog - Dr. Nov\u00e1k N\u00f3ra - \u00fcgyv\u00e9d\" \/>\n<meta property=\"og:description\" content=\"h\u00e1zass\u00e1gi vagy \u00e9lett\u00e1rsi vagyonjogi szerz\u0151d\u00e9s h\u00e1zass\u00e1gi bont\u00f3per bont\u00f3per k\u00f6z\u00f6s megegyez\u00e9ssel kapcsolattart\u00e1si \u00fcgyek gyermek k\u00fclf\u00f6ldre vitele, gyermek szok\u00e1sos tart\u00f3zkod\u00e1s hely\u00e9nek kijel\u00f6l\u00e9se elj\u00e1r\u00e1s gyermek jogellenes k\u00fclf\u00f6ldre vitele eset\u00e9n a H\u00e1gai egyezm\u00e9ny alapj\u00e1n gyermekelhelyez\u00e9s, tart\u00e1sd\u00edj sz\u00fcl\u0151i fel\u00fcgyelet \u00e9lett\u00e1rsi kapcsolat h\u00e1zass\u00e1gi vagy \u00e9lett\u00e1rsi k\u00f6z\u00f6s...\" \/>\n<meta property=\"og:url\" content=\"https:\/\/drnovaknora.com\/en\/csaladjog\/\" \/>\n<meta property=\"og:site_name\" content=\"Dr. Nov\u00e1k N\u00f3ra - \u00fcgyv\u00e9d\" \/>\n<meta property=\"article:publisher\" content=\"https:\/\/www.facebook.com\/126366824238449?ref=embed_page\" \/>\n<meta property=\"og:image\" content=\"https:\/\/drnovaknora.com\/wp-content\/uploads\/2025\/03\/dr_Novak_Nora_ugyved.jpg\" \/>\n\t<meta property=\"og:image:width\" content=\"802\" \/>\n\t<meta property=\"og:image:height\" content=\"1196\" \/>\n\t<meta property=\"og:image:type\" content=\"image\/jpeg\" \/>\n<meta name=\"twitter:card\" content=\"summary_large_image\" \/>\n<script type=\"application\/ld+json\" class=\"yoast-schema-graph\">{\"@context\":\"https:\\\/\\\/schema.org\",\"@graph\":[{\"@type\":\"WebPage\",\"@id\":\"https:\\\/\\\/drnovaknora.com\\\/csaladjog\",\"url\":\"https:\\\/\\\/drnovaknora.com\\\/csaladjog\",\"name\":\"Csal\u00e1djog - Dr. Nov\u00e1k N\u00f3ra - \u00fcgyv\u00e9d\",\"isPartOf\":{\"@id\":\"https:\\\/\\\/drnovaknora.com\\\/#website\"},\"datePublished\":\"2021-06-16T20:39:27+00:00\",\"breadcrumb\":{\"@id\":\"https:\\\/\\\/drnovaknora.com\\\/csaladjog#breadcrumb\"},\"inLanguage\":\"en-US\",\"potentialAction\":[{\"@type\":\"ReadAction\",\"target\":[\"https:\\\/\\\/drnovaknora.com\\\/csaladjog\"]}]},{\"@type\":\"BreadcrumbList\",\"@id\":\"https:\\\/\\\/drnovaknora.com\\\/csaladjog#breadcrumb\",\"itemListElement\":[{\"@type\":\"ListItem\",\"position\":1,\"name\":\"Kezd\u0151lap\",\"item\":\"https:\\\/\\\/drnovaknora.com\\\/\"},{\"@type\":\"ListItem\",\"position\":2,\"name\":\"Csal\u00e1djog\"}]},{\"@type\":\"WebSite\",\"@id\":\"https:\\\/\\\/drnovaknora.com\\\/#website\",\"url\":\"https:\\\/\\\/drnovaknora.com\\\/\",\"name\":\"dr. Nov\u00e1k N\u00f3ra \u00fcgyv\u00e9d, emir\u00e1tusi tan\u00e1csad\u00f3\",\"description\":\"\",\"publisher\":{\"@id\":\"https:\\\/\\\/drnovaknora.com\\\/#organization\"},\"potentialAction\":[{\"@type\":\"SearchAction\",\"target\":{\"@type\":\"EntryPoint\",\"urlTemplate\":\"https:\\\/\\\/drnovaknora.com\\\/?s={search_term_string}\"},\"query-input\":{\"@type\":\"PropertyValueSpecification\",\"valueRequired\":true,\"valueName\":\"search_term_string\"}}],\"inLanguage\":\"en-US\"},{\"@type\":\"Organization\",\"@id\":\"https:\\\/\\\/drnovaknora.com\\\/#organization\",\"name\":\"dr. Nov\u00e1k N\u00f3ra \u00fcgyv\u00e9d, emir\u00e1tusi tan\u00e1csad\u00f3\",\"url\":\"https:\\\/\\\/drnovaknora.com\\\/\",\"logo\":{\"@type\":\"ImageObject\",\"inLanguage\":\"en-US\",\"@id\":\"https:\\\/\\\/drnovaknora.com\\\/#\\\/schema\\\/logo\\\/image\\\/\",\"url\":\"https:\\\/\\\/drnovaknora.com\\\/wp-content\\\/uploads\\\/2025\\\/03\\\/dr_Novak_Nora_ugyved.jpg\",\"contentUrl\":\"https:\\\/\\\/drnovaknora.com\\\/wp-content\\\/uploads\\\/2025\\\/03\\\/dr_Novak_Nora_ugyved.jpg\",\"width\":802,\"height\":1196,\"caption\":\"dr. Nov\u00e1k N\u00f3ra \u00fcgyv\u00e9d, emir\u00e1tusi tan\u00e1csad\u00f3\"},\"image\":{\"@id\":\"https:\\\/\\\/drnovaknora.com\\\/#\\\/schema\\\/logo\\\/image\\\/\"},\"sameAs\":[\"https:\\\/\\\/www.facebook.com\\\/126366824238449?ref=embed_page\"]}]}<\/script>\n<!-- \/ Yoast SEO plugin. -->","yoast_head_json":{"title":"Csal\u00e1djog - Dr. Nov\u00e1k N\u00f3ra - \u00fcgyv\u00e9d","robots":{"index":"index","follow":"follow","max-snippet":"max-snippet:-1","max-image-preview":"max-image-preview:large","max-video-preview":"max-video-preview:-1"},"canonical":"https:\/\/drnovaknora.com\/en\/csaladjog\/","og_locale":"en_US","og_type":"article","og_title":"Csal\u00e1djog - Dr. Nov\u00e1k N\u00f3ra - \u00fcgyv\u00e9d","og_description":"h\u00e1zass\u00e1gi vagy \u00e9lett\u00e1rsi vagyonjogi szerz\u0151d\u00e9s h\u00e1zass\u00e1gi bont\u00f3per bont\u00f3per k\u00f6z\u00f6s megegyez\u00e9ssel kapcsolattart\u00e1si \u00fcgyek gyermek k\u00fclf\u00f6ldre vitele, gyermek szok\u00e1sos tart\u00f3zkod\u00e1s hely\u00e9nek kijel\u00f6l\u00e9se elj\u00e1r\u00e1s gyermek jogellenes k\u00fclf\u00f6ldre vitele eset\u00e9n a H\u00e1gai egyezm\u00e9ny alapj\u00e1n gyermekelhelyez\u00e9s, tart\u00e1sd\u00edj sz\u00fcl\u0151i fel\u00fcgyelet \u00e9lett\u00e1rsi kapcsolat h\u00e1zass\u00e1gi vagy \u00e9lett\u00e1rsi k\u00f6z\u00f6s...","og_url":"https:\/\/drnovaknora.com\/en\/csaladjog\/","og_site_name":"Dr. Nov\u00e1k N\u00f3ra - \u00fcgyv\u00e9d","article_publisher":"https:\/\/www.facebook.com\/126366824238449?ref=embed_page","og_image":[{"width":802,"height":1196,"url":"https:\/\/drnovaknora.com\/wp-content\/uploads\/2025\/03\/dr_Novak_Nora_ugyved.jpg","type":"image\/jpeg"}],"twitter_card":"summary_large_image","schema":{"@context":"https:\/\/schema.org","@graph":[{"@type":"WebPage","@id":"https:\/\/drnovaknora.com\/csaladjog","url":"https:\/\/drnovaknora.com\/csaladjog","name":"Csal\u00e1djog - Dr. Nov\u00e1k N\u00f3ra - \u00fcgyv\u00e9d","isPartOf":{"@id":"https:\/\/drnovaknora.com\/#website"},"datePublished":"2021-06-16T20:39:27+00:00","breadcrumb":{"@id":"https:\/\/drnovaknora.com\/csaladjog#breadcrumb"},"inLanguage":"en-US","potentialAction":[{"@type":"ReadAction","target":["https:\/\/drnovaknora.com\/csaladjog"]}]},{"@type":"BreadcrumbList","@id":"https:\/\/drnovaknora.com\/csaladjog#breadcrumb","itemListElement":[{"@type":"ListItem","position":1,"name":"Kezd\u0151lap","item":"https:\/\/drnovaknora.com\/"},{"@type":"ListItem","position":2,"name":"Csal\u00e1djog"}]},{"@type":"WebSite","@id":"https:\/\/drnovaknora.com\/#website","url":"https:\/\/drnovaknora.com\/","name":"dr. Nov\u00e1k N\u00f3ra \u00fcgyv\u00e9d, emir\u00e1tusi tan\u00e1csad\u00f3","description":"","publisher":{"@id":"https:\/\/drnovaknora.com\/#organization"},"potentialAction":[{"@type":"SearchAction","target":{"@type":"EntryPoint","urlTemplate":"https:\/\/drnovaknora.com\/?s={search_term_string}"},"query-input":{"@type":"PropertyValueSpecification","valueRequired":true,"valueName":"search_term_string"}}],"inLanguage":"en-US"},{"@type":"Organization","@id":"https:\/\/drnovaknora.com\/#organization","name":"dr. Nov\u00e1k N\u00f3ra \u00fcgyv\u00e9d, emir\u00e1tusi tan\u00e1csad\u00f3","url":"https:\/\/drnovaknora.com\/","logo":{"@type":"ImageObject","inLanguage":"en-US","@id":"https:\/\/drnovaknora.com\/#\/schema\/logo\/image\/","url":"https:\/\/drnovaknora.com\/wp-content\/uploads\/2025\/03\/dr_Novak_Nora_ugyved.jpg","contentUrl":"https:\/\/drnovaknora.com\/wp-content\/uploads\/2025\/03\/dr_Novak_Nora_ugyved.jpg","width":802,"height":1196,"caption":"dr. Nov\u00e1k N\u00f3ra \u00fcgyv\u00e9d, emir\u00e1tusi tan\u00e1csad\u00f3"},"image":{"@id":"https:\/\/drnovaknora.com\/#\/schema\/logo\/image\/"},"sameAs":["https:\/\/www.facebook.com\/126366824238449?ref=embed_page"]}]}},"_links":{"self":[{"href":"https:\/\/drnovaknora.com\/en\/wp-json\/wp\/v2\/pages\/1081","targetHints":{"allow":["GET"]}}],"collection":[{"href":"https:\/\/drnovaknora.com\/en\/wp-json\/wp\/v2\/pages"}],"about":[{"href":"https:\/\/drnovaknora.com\/en\/wp-json\/wp\/v2\/types\/page"}],"author":[{"embeddable":true,"href":"https:\/\/drnovaknora.com\/en\/wp-json\/wp\/v2\/users\/1"}],"replies":[{"embeddable":true,"href":"https:\/\/drnovaknora.com\/en\/wp-json\/wp\/v2\/comments?post=1081"}],"version-history":[{"count":1,"href":"https:\/\/drnovaknora.com\/en\/wp-json\/wp\/v2\/pages\/1081\/revisions"}],"predecessor-version":[{"id":1082,"href":"https:\/\/drnovaknora.com\/en\/wp-json\/wp\/v2\/pages\/1081\/revisions\/1082"}],"wp:attachment":[{"href":"https:\/\/drnovaknora.com\/en\/wp-json\/wp\/v2\/media?parent=1081"}],"curies":[{"name":"wp","href":"https:\/\/api.w.org\/{rel}","templated":true}]}}