{"id":1079,"date":"2021-06-16T22:37:54","date_gmt":"2021-06-16T20:37:54","guid":{"rendered":"https:\/\/drnovaknora.com\/?page_id=1079"},"modified":"2023-10-05T10:12:00","modified_gmt":"2023-10-05T08:12:00","slug":"tanacsadas-az-emiratusokban","status":"publish","type":"page","link":"https:\/\/drnovaknora.com\/en\/tanacsadas-az-emiratusokban","title":{"rendered":"DUBAI - Legal, business development advice in the United Arab Emirates"},"content":{"rendered":"<p>One of the law firm's strengths is that, as the owner of The Dubai Connect brand, we have an extensive network of local Emirati contacts, which in many cases makes the path to success in the Emirates much easier and shorter.<\/p>\n<p>As a partner of an Emirati law firm, with whom we work in close cooperation, and with the help of our own lawyers in Budapest, who are well-prepared and have authentic experience in the region, we can provide advice and expert opinions on many business and legal matter quickly and easily.<\/p>","protected":false},"excerpt":{"rendered":"<p>Az \u00fcgyv\u00e9di iroda egyik er\u0151ss\u00e9ge, hogy a\u00a0 The Dubai Connect brand tulajdonosak\u00e9nt\u00a0 kiterjedt helyi, emir\u00e1tusi kapcsolatrendszerrel rendelkezik, mely nagyban megk\u00f6nny\u00edti \u00e9s ler\u00f6vid\u00edti sok esetben az \u00e9rv\u00e9nyes\u00fcl\u00e9s \u00fatj\u00e1t az Emir\u00e1tusokban. Egy neves emir\u00e1tusi \u00fcgyv\u00e9di iroda partnerek\u00e9nt, akikkel szoros egy\u00fcttm\u0171k\u00f6d\u00e9sben folytatjuk tev\u00e9kenys\u00e9g\u00fcnket,&#8230;<\/p>","protected":false},"author":1,"featured_media":0,"parent":0,"menu_order":0,"comment_status":"closed","ping_status":"closed","template":"","meta":{"footnotes":""},"class_list":["post-1079","page","type-page","status-publish","hentry"],"yoast_head":"<!-- This site is optimized with the Yoast SEO plugin v27.3 - https:\/\/yoast.com\/product\/yoast-seo-wordpress\/ -->\n<title>DUBAI - Jogi, \u00fczletfejleszt\u00e9si tan\u00e1csad\u00e1s az Emir\u00e1tusokban - Dr. Nov\u00e1k N\u00f3ra - \u00fcgyv\u00e9d<\/title>\n<meta name=\"robots\" content=\"index, follow, max-snippet:-1, max-image-preview:large, max-video-preview:-1\" \/>\n<link rel=\"canonical\" href=\"https:\/\/drnovaknora.com\/en\/tanacsadas-az-emiratusokban\/\" \/>\n<meta property=\"og:locale\" content=\"en_US\" \/>\n<meta property=\"og:type\" content=\"article\" \/>\n<meta property=\"og:title\" content=\"DUBAI - Jogi, \u00fczletfejleszt\u00e9si tan\u00e1csad\u00e1s az Emir\u00e1tusokban - Dr. Nov\u00e1k N\u00f3ra - \u00fcgyv\u00e9d\" \/>\n<meta property=\"og:description\" content=\"Az \u00fcgyv\u00e9di iroda egyik er\u0151ss\u00e9ge, hogy a\u00a0 The Dubai Connect brand tulajdonosak\u00e9nt\u00a0 kiterjedt helyi, emir\u00e1tusi kapcsolatrendszerrel rendelkezik, mely nagyban megk\u00f6nny\u00edti \u00e9s ler\u00f6vid\u00edti sok esetben az \u00e9rv\u00e9nyes\u00fcl\u00e9s \u00fatj\u00e1t az Emir\u00e1tusokban. Egy neves emir\u00e1tusi \u00fcgyv\u00e9di iroda partnerek\u00e9nt, akikkel szoros egy\u00fcttm\u0171k\u00f6d\u00e9sben folytatjuk tev\u00e9kenys\u00e9g\u00fcnket,...\" \/>\n<meta property=\"og:url\" content=\"https:\/\/drnovaknora.com\/en\/tanacsadas-az-emiratusokban\/\" \/>\n<meta property=\"og:site_name\" content=\"Dr. Nov\u00e1k N\u00f3ra - \u00fcgyv\u00e9d\" \/>\n<meta property=\"article:publisher\" content=\"https:\/\/www.facebook.com\/126366824238449?ref=embed_page\" \/>\n<meta property=\"article:modified_time\" content=\"2023-10-05T08:12:00+00:00\" \/>\n<meta property=\"og:image\" content=\"https:\/\/drnovaknora.com\/wp-content\/uploads\/2025\/03\/dr_Novak_Nora_ugyved.jpg\" \/>\n\t<meta property=\"og:image:width\" content=\"802\" \/>\n\t<meta property=\"og:image:height\" content=\"1196\" \/>\n\t<meta property=\"og:image:type\" content=\"image\/jpeg\" \/>\n<meta name=\"twitter:card\" content=\"summary_large_image\" \/>\n<meta name=\"twitter:label1\" content=\"Est. reading time\" \/>\n\t<meta name=\"twitter:data1\" content=\"1 minute\" \/>\n<script type=\"application\/ld+json\" class=\"yoast-schema-graph\">{\"@context\":\"https:\\\/\\\/schema.org\",\"@graph\":[{\"@type\":\"WebPage\",\"@id\":\"https:\\\/\\\/drnovaknora.com\\\/tanacsadas-az-emiratusokban\",\"url\":\"https:\\\/\\\/drnovaknora.com\\\/tanacsadas-az-emiratusokban\",\"name\":\"DUBAI - Jogi, \u00fczletfejleszt\u00e9si tan\u00e1csad\u00e1s az Emir\u00e1tusokban - Dr. Nov\u00e1k N\u00f3ra - \u00fcgyv\u00e9d\",\"isPartOf\":{\"@id\":\"https:\\\/\\\/drnovaknora.com\\\/#website\"},\"datePublished\":\"2021-06-16T20:37:54+00:00\",\"dateModified\":\"2023-10-05T08:12:00+00:00\",\"breadcrumb\":{\"@id\":\"https:\\\/\\\/drnovaknora.com\\\/tanacsadas-az-emiratusokban#breadcrumb\"},\"inLanguage\":\"en-US\",\"potentialAction\":[{\"@type\":\"ReadAction\",\"target\":[\"https:\\\/\\\/drnovaknora.com\\\/tanacsadas-az-emiratusokban\"]}]},{\"@type\":\"BreadcrumbList\",\"@id\":\"https:\\\/\\\/drnovaknora.com\\\/tanacsadas-az-emiratusokban#breadcrumb\",\"itemListElement\":[{\"@type\":\"ListItem\",\"position\":1,\"name\":\"Kezd\u0151lap\",\"item\":\"https:\\\/\\\/drnovaknora.com\\\/\"},{\"@type\":\"ListItem\",\"position\":2,\"name\":\"DUBAI &#8211; Jogi, \u00fczletfejleszt\u00e9si tan\u00e1csad\u00e1s az Emir\u00e1tusokban\"}]},{\"@type\":\"WebSite\",\"@id\":\"https:\\\/\\\/drnovaknora.com\\\/#website\",\"url\":\"https:\\\/\\\/drnovaknora.com\\\/\",\"name\":\"dr. Nov\u00e1k N\u00f3ra \u00fcgyv\u00e9d, emir\u00e1tusi tan\u00e1csad\u00f3\",\"description\":\"\",\"publisher\":{\"@id\":\"https:\\\/\\\/drnovaknora.com\\\/#organization\"},\"potentialAction\":[{\"@type\":\"SearchAction\",\"target\":{\"@type\":\"EntryPoint\",\"urlTemplate\":\"https:\\\/\\\/drnovaknora.com\\\/?s={search_term_string}\"},\"query-input\":{\"@type\":\"PropertyValueSpecification\",\"valueRequired\":true,\"valueName\":\"search_term_string\"}}],\"inLanguage\":\"en-US\"},{\"@type\":\"Organization\",\"@id\":\"https:\\\/\\\/drnovaknora.com\\\/#organization\",\"name\":\"dr. Nov\u00e1k N\u00f3ra \u00fcgyv\u00e9d, emir\u00e1tusi tan\u00e1csad\u00f3\",\"url\":\"https:\\\/\\\/drnovaknora.com\\\/\",\"logo\":{\"@type\":\"ImageObject\",\"inLanguage\":\"en-US\",\"@id\":\"https:\\\/\\\/drnovaknora.com\\\/#\\\/schema\\\/logo\\\/image\\\/\",\"url\":\"https:\\\/\\\/drnovaknora.com\\\/wp-content\\\/uploads\\\/2025\\\/03\\\/dr_Novak_Nora_ugyved.jpg\",\"contentUrl\":\"https:\\\/\\\/drnovaknora.com\\\/wp-content\\\/uploads\\\/2025\\\/03\\\/dr_Novak_Nora_ugyved.jpg\",\"width\":802,\"height\":1196,\"caption\":\"dr. Nov\u00e1k N\u00f3ra \u00fcgyv\u00e9d, emir\u00e1tusi tan\u00e1csad\u00f3\"},\"image\":{\"@id\":\"https:\\\/\\\/drnovaknora.com\\\/#\\\/schema\\\/logo\\\/image\\\/\"},\"sameAs\":[\"https:\\\/\\\/www.facebook.com\\\/126366824238449?ref=embed_page\"]}]}<\/script>\n<!-- \/ Yoast SEO plugin. -->","yoast_head_json":{"title":"DUBAI - Jogi, \u00fczletfejleszt\u00e9si tan\u00e1csad\u00e1s az Emir\u00e1tusokban - Dr. Nov\u00e1k N\u00f3ra - \u00fcgyv\u00e9d","robots":{"index":"index","follow":"follow","max-snippet":"max-snippet:-1","max-image-preview":"max-image-preview:large","max-video-preview":"max-video-preview:-1"},"canonical":"https:\/\/drnovaknora.com\/en\/tanacsadas-az-emiratusokban\/","og_locale":"en_US","og_type":"article","og_title":"DUBAI - Jogi, \u00fczletfejleszt\u00e9si tan\u00e1csad\u00e1s az Emir\u00e1tusokban - Dr. Nov\u00e1k N\u00f3ra - \u00fcgyv\u00e9d","og_description":"Az \u00fcgyv\u00e9di iroda egyik er\u0151ss\u00e9ge, hogy a\u00a0 The Dubai Connect brand tulajdonosak\u00e9nt\u00a0 kiterjedt helyi, emir\u00e1tusi kapcsolatrendszerrel rendelkezik, mely nagyban megk\u00f6nny\u00edti \u00e9s ler\u00f6vid\u00edti sok esetben az \u00e9rv\u00e9nyes\u00fcl\u00e9s \u00fatj\u00e1t az Emir\u00e1tusokban. Egy neves emir\u00e1tusi \u00fcgyv\u00e9di iroda partnerek\u00e9nt, akikkel szoros egy\u00fcttm\u0171k\u00f6d\u00e9sben folytatjuk tev\u00e9kenys\u00e9g\u00fcnket,...","og_url":"https:\/\/drnovaknora.com\/en\/tanacsadas-az-emiratusokban\/","og_site_name":"Dr. Nov\u00e1k N\u00f3ra - \u00fcgyv\u00e9d","article_publisher":"https:\/\/www.facebook.com\/126366824238449?ref=embed_page","article_modified_time":"2023-10-05T08:12:00+00:00","og_image":[{"width":802,"height":1196,"url":"https:\/\/drnovaknora.com\/wp-content\/uploads\/2025\/03\/dr_Novak_Nora_ugyved.jpg","type":"image\/jpeg"}],"twitter_card":"summary_large_image","twitter_misc":{"Est. reading time":"1 minute"},"schema":{"@context":"https:\/\/schema.org","@graph":[{"@type":"WebPage","@id":"https:\/\/drnovaknora.com\/tanacsadas-az-emiratusokban","url":"https:\/\/drnovaknora.com\/tanacsadas-az-emiratusokban","name":"DUBAI - Jogi, \u00fczletfejleszt\u00e9si tan\u00e1csad\u00e1s az Emir\u00e1tusokban - Dr. Nov\u00e1k N\u00f3ra - \u00fcgyv\u00e9d","isPartOf":{"@id":"https:\/\/drnovaknora.com\/#website"},"datePublished":"2021-06-16T20:37:54+00:00","dateModified":"2023-10-05T08:12:00+00:00","breadcrumb":{"@id":"https:\/\/drnovaknora.com\/tanacsadas-az-emiratusokban#breadcrumb"},"inLanguage":"en-US","potentialAction":[{"@type":"ReadAction","target":["https:\/\/drnovaknora.com\/tanacsadas-az-emiratusokban"]}]},{"@type":"BreadcrumbList","@id":"https:\/\/drnovaknora.com\/tanacsadas-az-emiratusokban#breadcrumb","itemListElement":[{"@type":"ListItem","position":1,"name":"Kezd\u0151lap","item":"https:\/\/drnovaknora.com\/"},{"@type":"ListItem","position":2,"name":"DUBAI &#8211; Jogi, \u00fczletfejleszt\u00e9si tan\u00e1csad\u00e1s az Emir\u00e1tusokban"}]},{"@type":"WebSite","@id":"https:\/\/drnovaknora.com\/#website","url":"https:\/\/drnovaknora.com\/","name":"dr. Nov\u00e1k N\u00f3ra \u00fcgyv\u00e9d, emir\u00e1tusi tan\u00e1csad\u00f3","description":"","publisher":{"@id":"https:\/\/drnovaknora.com\/#organization"},"potentialAction":[{"@type":"SearchAction","target":{"@type":"EntryPoint","urlTemplate":"https:\/\/drnovaknora.com\/?s={search_term_string}"},"query-input":{"@type":"PropertyValueSpecification","valueRequired":true,"valueName":"search_term_string"}}],"inLanguage":"en-US"},{"@type":"Organization","@id":"https:\/\/drnovaknora.com\/#organization","name":"dr. Nov\u00e1k N\u00f3ra \u00fcgyv\u00e9d, emir\u00e1tusi tan\u00e1csad\u00f3","url":"https:\/\/drnovaknora.com\/","logo":{"@type":"ImageObject","inLanguage":"en-US","@id":"https:\/\/drnovaknora.com\/#\/schema\/logo\/image\/","url":"https:\/\/drnovaknora.com\/wp-content\/uploads\/2025\/03\/dr_Novak_Nora_ugyved.jpg","contentUrl":"https:\/\/drnovaknora.com\/wp-content\/uploads\/2025\/03\/dr_Novak_Nora_ugyved.jpg","width":802,"height":1196,"caption":"dr. Nov\u00e1k N\u00f3ra \u00fcgyv\u00e9d, emir\u00e1tusi tan\u00e1csad\u00f3"},"image":{"@id":"https:\/\/drnovaknora.com\/#\/schema\/logo\/image\/"},"sameAs":["https:\/\/www.facebook.com\/126366824238449?ref=embed_page"]}]}},"_links":{"self":[{"href":"https:\/\/drnovaknora.com\/en\/wp-json\/wp\/v2\/pages\/1079","targetHints":{"allow":["GET"]}}],"collection":[{"href":"https:\/\/drnovaknora.com\/en\/wp-json\/wp\/v2\/pages"}],"about":[{"href":"https:\/\/drnovaknora.com\/en\/wp-json\/wp\/v2\/types\/page"}],"author":[{"embeddable":true,"href":"https:\/\/drnovaknora.com\/en\/wp-json\/wp\/v2\/users\/1"}],"replies":[{"embeddable":true,"href":"https:\/\/drnovaknora.com\/en\/wp-json\/wp\/v2\/comments?post=1079"}],"version-history":[{"count":1,"href":"https:\/\/drnovaknora.com\/en\/wp-json\/wp\/v2\/pages\/1079\/revisions"}],"predecessor-version":[{"id":1080,"href":"https:\/\/drnovaknora.com\/en\/wp-json\/wp\/v2\/pages\/1079\/revisions\/1080"}],"wp:attachment":[{"href":"https:\/\/drnovaknora.com\/en\/wp-json\/wp\/v2\/media?parent=1079"}],"curies":[{"name":"wp","href":"https:\/\/api.w.org\/{rel}","templated":true}]}}